{"id":1721,"date":"2025-11-15T03:32:41","date_gmt":"2025-11-15T03:32:41","guid":{"rendered":"https:\/\/imtile.com\/?post_type=product&#038;p=1721"},"modified":"2025-11-15T03:32:41","modified_gmt":"2025-11-15T03:32:41","slug":"gach-terrazzo-porcelain-mo-phang-kt-600x600mm-ma-s6002","status":"publish","type":"product","link":"https:\/\/imtile.com\/index.php\/san-pham\/gach-terrazzo-porcelain-mo-phang-kt-600x600mm-ma-s6002\/","title":{"rendered":"G\u1ea1ch Terrazzo Porcelain m\u1edd ph\u1eb3ng KT 600x600mm &#8211; M\u00e3 S6002"},"content":{"rendered":"<h2>M\u00f4 t\u1ea3<\/h2>\n<ul>\n<li>K\u00edch th\u01b0\u1edbc vi\u00ean: 600 \u00d7 600 mm<\/li>\n<li>B\u1ec1 m\u1eb7t: men matt gi\u00fap gi\u1ea3m b\u00f3ng glare, sang tr\u1ecdng v\u00e0 d\u1ec5 v\u1ec7 sinh<\/li>\n<li>Ch\u1ea5t li\u1ec7u: Porcelain cho \u0111\u1ed9 b\u1ec1n cao, ch\u1ed1ng th\u1ea5m v\u00e0 ch\u1ecbu \u0111\u01b0\u1ee3c m\u00e0i m\u00f2n<\/li>\n<li>\u0110\u1ed9 h\u00fat \u1ea9m: d\u01b0\u1edbi 1%, th\u00edch h\u1ee3p cho nhi\u1ec1u \u0111i\u1ec1u ki\u1ec7n l\u1eafp \u0111\u1eb7t<\/li>\n<li>Quy c\u00e1ch \u0111\u00f3ng g\u00f3i: 1 h\u1ed9p = 1,44 m2 = 4 vi\u00ean = 29 kg<\/li>\n<li>\u0110a d\u1ea1ng bi\u1ebfn th\u1ec3 terrazzo v\u1edbi c\u00e1c h\u1ea1t \u0111\u00e1 v\u00e0 m\u00e0u n\u1ec1n trung t\u00ednh<\/li>\n<\/ul>\n<h2>Th\u00f4ng s\u1ed1 k\u1ef9 thu\u1eadt<\/h2>\n<ul>\n<li>K\u00edch th\u01b0\u1edbc vi\u00ean: 600 x 600 mm<\/li>\n<li>\u0110\u1ed9 d\u00e0y: 9\u201310 mm (t\u00f9y phi\u00ean b\u1ea3n)<\/li>\n<li>\u0110\u1ed9 h\u00fat \u1ea9m: &lt; 1%<\/li>\n<li>B\u1ec1 m\u1eb7t: matt (kh\u00f4ng b\u00f3ng)<\/li>\n<li>Ch\u1ea5t li\u1ec7u: Porcelain (\u9676\u74f7 s\u1ee9 porcelain)<\/li>\n<li>Kh\u1ea3 n\u0103ng ch\u1ed1ng th\u1ea5m: Class cao (kh\u00e1ng th\u1ea5m t\u1ed1t)<\/li>\n<li>Quy c\u00e1ch \u0111\u00f3ng g\u00f3i: 1 h\u1ed9p = 1,44 m2 = 4 vi\u00ean = 29 kg<\/li>\n<li>M\u00e0u s\u1eafc: Variations terrazzo v\u1edbi n\u1ec1n trung t\u00ednh v\u00e0 c\u00e1c h\u1ea1t \u0111\u00e1 kh\u00e1c nhau<\/li>\n<li>Ch\u1ee9ng nh\u1eadn ch\u1ea5t l\u01b0\u1ee3ng: ISO\/ASTM t\u00f9y l\u00f4 h\u00e0ng<\/li>\n<\/ul>\n<h2>\u1ee8ng d\u1ee5ng<\/h2>\n<ul>\n<li>S\u00e0n v\u00e0 t\u01b0\u1eddng trang tr\u00ed trong nh\u00e0 \u1edf v\u00e0 c\u00f4ng tr\u00ecnh c\u00f4ng c\u1ed9ng<\/li>\n<li>Ph\u00f2ng kh\u00e1ch, ph\u00f2ng \u0103n, s\u1ea3nh kh\u00e1ch s\u1ea1n, v\u0103n ph\u00f2ng v\u00e0 khu v\u1ef1c th\u01b0\u01a1ng m\u1ea1i c\u00f3 m\u00e1i che<\/li>\n<li>L\u1edbp ph\u1ee7 t\u01b0\u1eddng v\u00e0 l\u00e1t n\u1ec1n t\u1ea1i khu v\u1ef1c y\u00eau c\u1ea7u th\u1ea9m m\u1ef9 cao v\u00e0 d\u1ec5 v\u1ec7 sinh<\/li>\n<\/ul>\n<h2>\u01afu \u0111i\u1ec3m khi s\u1eed d\u1ee5ng<\/h2>\n<ul>\n<li>\u0110\u1ed9 b\u1ec1n cao, ch\u1ed1ng m\u00e0i m\u00f2n v\u00e0 ch\u1ed1ng th\u1ea5m t\u1ed1t<\/li>\n<li>B\u1ec1 m\u1eb7t matt gi\u1ea3m hi\u1ec7n t\u01b0\u1ee3ng ph\u1ea3n s\u00e1ng, t\u0103ng th\u1ea9m m\u1ef9 v\u00e0 s\u1ef1 d\u1ec5 ch\u1ecbu khi nh\u00ecn<\/li>\n<li>D\u1ec5 v\u1ec7 sinh, kh\u00e1ng khu\u1ea9n v\u00e0 an to\u00e0n cho gia \u0111\u00ecnh c\u00f3 tr\u1ebb nh\u1ecf<\/li>\n<li>Thi c\u00f4ng nhanh v\u1edbi k\u00edch th\u01b0\u1edbc 600&#215;600 mm v\u00e0 quy c\u00e1ch \u0111\u00f3ng g\u00f3i ti\u1ec7n l\u1ee3i<\/li>\n<\/ul>\n<h2>H\u01b0\u1edbng d\u1eabn thi c\u00f4ng t\u1ed1i \u01b0u<\/h2>\n<ul>\n<li>Chu\u1ea9n b\u1ecb m\u1eb7t n\u1ec1n kh\u00f4, ph\u1eb3ng v\u00e0 s\u1ea1ch b\u1ee5i<\/li>\n<li>S\u1eed d\u1ee5ng keo d\u00e1n g\u1ea1ch ch\u1ea5t l\u01b0\u1ee3ng t\u01b0\u01a1ng th\u00edch v\u1edbi porcelain, \u0111\u1ecbnh m\u1ee9c ph\u00f9 h\u1ee3p<\/li>\n<li>L\u00e1t g\u1ea1ch theo quy c\u00e1ch \u0111\u1ed3ng b\u1ed9, c\u00f3 \u0111\u01b0\u1eddng join nh\u1eb9, \u0111\u1ea3m b\u1ea3o \u0111\u1ed9 ph\u1eb3ng v\u00e0 th\u1ea9m m\u1ef9<\/li>\n<li>C\u1eaft c\u1ea1nh, g\u00f3c v\u00e0 bo vi\u00ean t\u00f9y v\u1ecb tr\u00ed \u0111\u1ec3 \u0111\u1ea1t hi\u1ec7u qu\u1ea3 th\u1ea9m m\u1ef9 cao<\/li>\n<li>Ki\u1ec3m tra m\u1ee9c \u0111\u1ed9 ph\u1eb3ng v\u00e0 keo keo sau khi l\u00e1t, sau \u0111\u00f3 tr\u1ed9n v\u00e0 \u0111\u1ee3i keo kh\u00f4 \u0111\u00fang th\u1eddi gian khuy\u1ebfn ngh\u1ecb<\/li>\n<\/ul>\n<h2>B\u1ea3o tr\u00ec v\u00e0 ch\u0103m s\u00f3c<\/h2>\n<ul>\n<li>V\u1ec7 sinh b\u1eb1ng kh\u0103n m\u1ec1m v\u00e0 dung d\u1ecbch t\u1ea9y r\u1eeda d\u00e0nh cho g\u1ea1ch porcelain<\/li>\n<li>Tr\u00e1nh axit m\u1ea1nh, dung m\u00f4i \u0103n m\u00f2n c\u00f3 th\u1ec3 l\u00e0m h\u1ea1i b\u1ec1 m\u1eb7t<\/li>\n<li>B\u1ea3o d\u01b0\u1ee1ng \u0111\u1ecbnh k\u1ef3 \u0111\u1ec3 duy tr\u00ec \u0111\u1ed9 b\u00f3ng v\u00e0 \u0111\u1ed9 b\u1ec1n<\/li>\n<\/ul>\n<h2>Quy c\u00e1ch \u0111\u00f3ng g\u00f3i<\/h2>\n<ul>\n<li>1 h\u1ed9p g\u1ed3m 4 vi\u00ean, t\u1ed5ng di\u1ec7n t\u00edch 1,44 m2<\/li>\n<li>Tr\u1ecdng l\u01b0\u1ee3ng h\u1ed9p kho\u1ea3ng 29 kg<\/li>\n<li>Th\u01b0\u01a1ng hi\u1ec7u\/lo\u1ea1i: G\u1ea1ch Terrazzo Porcelain m\u1edd ph\u1eb3ng KT 600x600mm M\u00e3 S6002<\/li>\n<\/ul>\n<div class=\"woocommerce-tabs wc-tabs-wrapper\">\n<div id=\"tab-description\" class=\"woocommerce-Tabs-panel woocommerce-Tabs-panel--description panel entry-content wc-tab\" role=\"tabpanel\" aria-labelledby=\"tab-title-description\">\n<h2>\u0110\u1ecba ch\u1ec9 mua g\u1ea1ch Th\u1ebb Terrazzo 600x600mm ch\u1ea5t l\u01b0\u1ee3ng, gi\u00e1 t\u1ed1t<\/h2>\n<p><a href=\"https:\/\/imtile.com\/\">ImTile<\/a>\u00a0t\u1ef1 h\u00e0o l\u00e0 \u0111\u01a1n v\u1ecb cung c\u1ea5p v\u00e0 ph\u00e2n ph\u1ed1i g\u1ea1ch trang tr\u00ed &amp; g\u1ea1ch \u1ed1p l\u00e1t r\u1ed9ng kh\u1eafp c\u1ea3 n\u01b0\u1edbc. V\u1edbi nhi\u1ec1u n\u0103m kinh nghi\u1ec7m, ch\u00fang t\u00f4i t\u1ef1 tin mang \u0111\u1ebfn cho b\u1ea1n nh\u1eefng d\u00f2ng s\u1ea3n ph\u1ea9m ch\u1ea5t l\u01b0\u1ee3ng v\u00e0 th\u1eddi th\u01b0\u1ee3ng nh\u1ea5t.<br \/>\n\u0110\u1ec3 \u0111\u01b0\u1ee3c t\u01b0 v\u1ea5n v\u00e0 \u0111\u1eb7t mua g\u1ea1ch trang tr\u00ed &amp; g\u1ea1ch \u1ed1p l\u00e1t gi\u00e1 t\u1ed1t nh\u1ea5t, qu\u00fd kh\u00e1ch h\u00e0ng, qu\u00fd \u0111\u1ed1i t\u00e1c vui l\u00f2ng li\u00ean h\u1ec7.<br \/>\nHotline:\u00a0<strong><a href=\"tel:0912336989\">0912336989<\/a><\/strong>\u00a0(Khu v\u1ef1c Mi\u1ec1n B\u1eafc)<br \/>\nho\u1eb7c\u00a0<strong><a href=\"tel:0971020333\">0971020333<\/a><\/strong>\u00a0(Khu v\u1ef1c Mi\u1ec1n Nam) \u0111\u1ec3 \u0111\u01b0\u1ee3c h\u1ed7 tr\u1ee3 nhanh ch\u00f3ng!<\/p>\n<p><img decoding=\"async\" class=\"emoji\" role=\"img\" draggable=\"false\" src=\"https:\/\/s.w.org\/images\/core\/emoji\/16.0.1\/svg\/1f4cd.svg\" alt=\"\ud83d\udccd\" \/>\u00a0\u0110\u1ecba ch\u1ec9:<br \/>\n<strong>KHO HN: Ph\u01b0\u1eddng Ng\u1ecdc Th\u1ee5y, Qu\u1eadn Long Bi\u00ean, H\u00e0 N\u1ed9i \u00a0 \u00a0 \u00a0\u00a0\u00a0\u00a0\u00a0<\/strong><br \/>\n<strong>KHO HCM: 740 Qu\u1ed1c l\u1ed9 1A, Qu\u1eadn B\u00ecnh T\u00e2n, TP.HCM \u00a0\u00a0\u00a0<\/strong><\/p>\n<div class=\"woocommerce-tabs wc-tabs-wrapper\"><\/div>\n<section class=\"up-sells upsells products\"><\/section>\n<\/div>\n<\/div>\n","protected":false},"excerpt":{"rendered":"<p>G\u1ea1ch Terrazzo Porcelain m\u1edd ph\u1eb3ng k\u00edch th\u01b0\u1edbc 600x600mm, m\u00e3 S6002. Ch\u1ea5t li\u1ec7u porcelain v\u1edbi \u0111\u1ed9 h\u00fat \u1ea9m d\u01b0\u1edbi 1%, b\u1ec1 m\u1eb7t men matt. S\u1ea3n ph\u1ea9m b\u1ec1n b\u1ec9, ch\u1ed1ng th\u1ea5m, d\u1ec5 v\u1ec7 sinh v\u00e0 ph\u00f9 h\u1ee3p cho nhi\u1ec1u kh\u00f4ng gian t\u1eeb nh\u00e0 \u1edf t\u1edbi v\u0103n ph\u00f2ng v\u00e0 c\u00f4ng tr\u00ecnh c\u00f4ng c\u1ed9ng. Quy c\u00e1ch \u0111\u00f3ng g\u00f3i 1 h\u1ed9p g\u1ed3m 4 vi\u00ean, t\u1ed5ng di\u1ec7n t\u00edch 1,44 m2, c\u00e2n n\u1eb7ng 29 kg.<\/p>\n","protected":false},"featured_media":1722,"comment_status":"open","ping_status":"closed","template":"","meta":[],"product_brand":[],"product_cat":[28,27,26],"product_tag":[122,29,31,121,54,20],"class_list":{"0":"post-1721","1":"product","2":"type-product","3":"status-publish","4":"has-post-thumbnail","6":"product_cat-gach-kho-lon","7":"product_cat-gach-op-tuong","8":"product_cat-gach-terrazzo","9":"product_tag-gach-600x600-terrazzo-s6002","10":"product_tag-gach-op-lat","11":"product_tag-gach-op-tuong","12":"product_tag-gach-terrazzo-porcelain-mo","13":"product_tag-gach-the-lat-nen","14":"product_tag-gach-trang-tri","16":"first","17":"instock","18":"shipping-taxable","19":"purchasable","20":"product-type-simple"},"yoast_head":"<!-- This site is optimized with the Yoast SEO plugin v25.6 - https:\/\/yoast.com\/wordpress\/plugins\/seo\/ -->\n<title>G\u1ea1ch Terrazzo Porcelain m\u1edd ph\u1eb3ng KT 600x600mm - M\u00e3 S6002 - Imtile G\u1ea1ch Nh\u1eadp Kh\u1ea9u<\/title>\n<meta name=\"description\" content=\"G\u1ea1ch Terrazzo Porcelain m\u1edd ph\u1eb3ng k\u00edch th\u01b0\u1edbc 600x600mm, m\u00e3 S6002. Ch\u1ea5t li\u1ec7u porcelain v\u1edbi \u0111\u1ed9 h\u00fat \u1ea9m d\u01b0\u1edbi 1%, b\u1ec1 m\u1eb7t men matt. S\u1ea3n ph\u1ea9m b\u1ec1n b\u1ec9, ch\u1ed1ng th\u1ea5m, d\u1ec5 v\u1ec7 sinh v\u00e0 ph\u00f9 h\u1ee3p cho nhi\u1ec1u kh\u00f4ng gian t\u1eeb nh\u00e0 \u1edf t\u1edbi v\u0103n ph\u00f2ng v\u00e0 c\u00f4ng tr\u00ecnh c\u00f4ng c\u1ed9ng. Quy c\u00e1ch \u0111\u00f3ng g\u00f3i 1 h\u1ed9p g\u1ed3m 4 vi\u00ean, t\u1ed5ng di\u1ec7n t\u00edch 1,44 m2, c\u00e2n n\u1eb7ng 29 kg.\" \/>\n<meta name=\"robots\" content=\"index, follow, max-snippet:-1, max-image-preview:large, max-video-preview:-1\" \/>\n<link rel=\"canonical\" href=\"https:\/\/imtile.com\/index.php\/san-pham\/gach-terrazzo-porcelain-mo-phang-kt-600x600mm-ma-s6002\/\" \/>\n<meta property=\"og:locale\" content=\"vi_VN\" \/>\n<meta property=\"og:type\" content=\"article\" \/>\n<meta property=\"og:title\" content=\"G\u1ea1ch Terrazzo Porcelain m\u1edd ph\u1eb3ng KT 600x600mm - M\u00e3 S6002 - Imtile G\u1ea1ch Nh\u1eadp Kh\u1ea9u\" \/>\n<meta property=\"og:description\" content=\"G\u1ea1ch Terrazzo Porcelain m\u1edd ph\u1eb3ng k\u00edch th\u01b0\u1edbc 600x600mm, m\u00e3 S6002. Ch\u1ea5t li\u1ec7u porcelain v\u1edbi \u0111\u1ed9 h\u00fat \u1ea9m d\u01b0\u1edbi 1%, b\u1ec1 m\u1eb7t men matt. S\u1ea3n ph\u1ea9m b\u1ec1n b\u1ec9, ch\u1ed1ng th\u1ea5m, d\u1ec5 v\u1ec7 sinh v\u00e0 ph\u00f9 h\u1ee3p cho nhi\u1ec1u kh\u00f4ng gian t\u1eeb nh\u00e0 \u1edf t\u1edbi v\u0103n ph\u00f2ng v\u00e0 c\u00f4ng tr\u00ecnh c\u00f4ng c\u1ed9ng. Quy c\u00e1ch \u0111\u00f3ng g\u00f3i 1 h\u1ed9p g\u1ed3m 4 vi\u00ean, t\u1ed5ng di\u1ec7n t\u00edch 1,44 m2, c\u00e2n n\u1eb7ng 29 kg.\" \/>\n<meta property=\"og:url\" content=\"https:\/\/imtile.com\/index.php\/san-pham\/gach-terrazzo-porcelain-mo-phang-kt-600x600mm-ma-s6002\/\" \/>\n<meta property=\"og:site_name\" content=\"Imtile G\u1ea1ch Nh\u1eadp Kh\u1ea9u\" \/>\n<meta property=\"og:image\" content=\"https:\/\/imtile.com\/wp-content\/uploads\/2025\/11\/z5861295942887-814f050ad98198f397bb83b9e7247805.jpg\" \/>\n\t<meta property=\"og:image:width\" content=\"1718\" \/>\n\t<meta property=\"og:image:height\" content=\"2076\" \/>\n\t<meta property=\"og:image:type\" content=\"image\/jpeg\" \/>\n<meta name=\"twitter:card\" content=\"summary_large_image\" \/>\n<meta name=\"twitter:label1\" content=\"\u01af\u1edbc t\u00ednh th\u1eddi gian \u0111\u1ecdc\" \/>\n\t<meta name=\"twitter:data1\" content=\"4 ph\u00fat\" \/>\n<script type=\"application\/ld+json\" class=\"yoast-schema-graph\">{\"@context\":\"https:\/\/schema.org\",\"@graph\":[{\"@type\":\"WebPage\",\"@id\":\"https:\/\/imtile.com\/index.php\/san-pham\/gach-terrazzo-porcelain-mo-phang-kt-600x600mm-ma-s6002\/\",\"url\":\"https:\/\/imtile.com\/index.php\/san-pham\/gach-terrazzo-porcelain-mo-phang-kt-600x600mm-ma-s6002\/\",\"name\":\"G\u1ea1ch Terrazzo Porcelain m\u1edd ph\u1eb3ng KT 600x600mm - M\u00e3 S6002 - Imtile G\u1ea1ch Nh\u1eadp Kh\u1ea9u\",\"isPartOf\":{\"@id\":\"https:\/\/imtile.com\/#website\"},\"primaryImageOfPage\":{\"@id\":\"https:\/\/imtile.com\/index.php\/san-pham\/gach-terrazzo-porcelain-mo-phang-kt-600x600mm-ma-s6002\/#primaryimage\"},\"image\":{\"@id\":\"https:\/\/imtile.com\/index.php\/san-pham\/gach-terrazzo-porcelain-mo-phang-kt-600x600mm-ma-s6002\/#primaryimage\"},\"thumbnailUrl\":\"https:\/\/imtile.com\/wp-content\/uploads\/2025\/11\/z5861295942887-814f050ad98198f397bb83b9e7247805.jpg\",\"datePublished\":\"2025-11-15T03:32:41+00:00\",\"description\":\"G\u1ea1ch Terrazzo Porcelain m\u1edd ph\u1eb3ng k\u00edch th\u01b0\u1edbc 600x600mm, m\u00e3 S6002. Ch\u1ea5t li\u1ec7u porcelain v\u1edbi \u0111\u1ed9 h\u00fat \u1ea9m d\u01b0\u1edbi 1%, b\u1ec1 m\u1eb7t men matt. S\u1ea3n ph\u1ea9m b\u1ec1n b\u1ec9, ch\u1ed1ng th\u1ea5m, d\u1ec5 v\u1ec7 sinh v\u00e0 ph\u00f9 h\u1ee3p cho nhi\u1ec1u kh\u00f4ng gian t\u1eeb nh\u00e0 \u1edf t\u1edbi v\u0103n ph\u00f2ng v\u00e0 c\u00f4ng tr\u00ecnh c\u00f4ng c\u1ed9ng. Quy c\u00e1ch \u0111\u00f3ng g\u00f3i 1 h\u1ed9p g\u1ed3m 4 vi\u00ean, t\u1ed5ng di\u1ec7n t\u00edch 1,44 m2, c\u00e2n n\u1eb7ng 29 kg.\",\"breadcrumb\":{\"@id\":\"https:\/\/imtile.com\/index.php\/san-pham\/gach-terrazzo-porcelain-mo-phang-kt-600x600mm-ma-s6002\/#breadcrumb\"},\"inLanguage\":\"vi\",\"potentialAction\":[{\"@type\":\"ReadAction\",\"target\":[\"https:\/\/imtile.com\/index.php\/san-pham\/gach-terrazzo-porcelain-mo-phang-kt-600x600mm-ma-s6002\/\"]}]},{\"@type\":\"ImageObject\",\"inLanguage\":\"vi\",\"@id\":\"https:\/\/imtile.com\/index.php\/san-pham\/gach-terrazzo-porcelain-mo-phang-kt-600x600mm-ma-s6002\/#primaryimage\",\"url\":\"https:\/\/imtile.com\/wp-content\/uploads\/2025\/11\/z5861295942887-814f050ad98198f397bb83b9e7247805.jpg\",\"contentUrl\":\"https:\/\/imtile.com\/wp-content\/uploads\/2025\/11\/z5861295942887-814f050ad98198f397bb83b9e7247805.jpg\",\"width\":1718,\"height\":2076,\"caption\":\"G\u1ea1ch Terrazzo Porcelain m\u1edd ph\u1eb3ng KT 600x600mm m\u00e3 S6002\"},{\"@type\":\"BreadcrumbList\",\"@id\":\"https:\/\/imtile.com\/index.php\/san-pham\/gach-terrazzo-porcelain-mo-phang-kt-600x600mm-ma-s6002\/#breadcrumb\",\"itemListElement\":[{\"@type\":\"ListItem\",\"position\":1,\"name\":\"Trang ch\u1ee7\",\"item\":\"https:\/\/imtile.com\/\"},{\"@type\":\"ListItem\",\"position\":2,\"name\":\"C\u1eeda h\u00e0ng\",\"item\":\"https:\/\/imtile.com\/index.php\/cua-hang\/\"},{\"@type\":\"ListItem\",\"position\":3,\"name\":\"G\u1ea1ch Terrazzo Porcelain m\u1edd ph\u1eb3ng KT 600x600mm &#8211; M\u00e3 S6002\"}]},{\"@type\":\"WebSite\",\"@id\":\"https:\/\/imtile.com\/#website\",\"url\":\"https:\/\/imtile.com\/\",\"name\":\"Imtile G\u1ea1ch Nh\u1eadp Kh\u1ea9u\",\"description\":\"D\u1eaaN \u0110\u1ea6U XU H\u01af\u1edaNG G\u1ea0CH\",\"publisher\":{\"@id\":\"https:\/\/imtile.com\/#organization\"},\"potentialAction\":[{\"@type\":\"SearchAction\",\"target\":{\"@type\":\"EntryPoint\",\"urlTemplate\":\"https:\/\/imtile.com\/?s={search_term_string}\"},\"query-input\":{\"@type\":\"PropertyValueSpecification\",\"valueRequired\":true,\"valueName\":\"search_term_string\"}}],\"inLanguage\":\"vi\"},{\"@type\":\"Organization\",\"@id\":\"https:\/\/imtile.com\/#organization\",\"name\":\"Imtile G\u1ea1ch Nh\u1eadp Kh\u1ea9u\",\"url\":\"https:\/\/imtile.com\/\",\"logo\":{\"@type\":\"ImageObject\",\"inLanguage\":\"vi\",\"@id\":\"https:\/\/imtile.com\/#\/schema\/logo\/image\/\",\"url\":\"https:\/\/imtile.com\/wp-content\/uploads\/2025\/08\/cropped-z6871227294711_b67f846ad200e85f9c45efe3187db7f9-3-2.png\",\"contentUrl\":\"https:\/\/imtile.com\/wp-content\/uploads\/2025\/08\/cropped-z6871227294711_b67f846ad200e85f9c45efe3187db7f9-3-2.png\",\"width\":2061,\"height\":531,\"caption\":\"Imtile G\u1ea1ch Nh\u1eadp Kh\u1ea9u\"},\"image\":{\"@id\":\"https:\/\/imtile.com\/#\/schema\/logo\/image\/\"}}]}<\/script>\n<!-- \/ Yoast SEO plugin. -->","yoast_head_json":{"title":"G\u1ea1ch Terrazzo Porcelain m\u1edd ph\u1eb3ng KT 600x600mm - M\u00e3 S6002 - Imtile G\u1ea1ch Nh\u1eadp Kh\u1ea9u","description":"G\u1ea1ch Terrazzo Porcelain m\u1edd ph\u1eb3ng k\u00edch th\u01b0\u1edbc 600x600mm, m\u00e3 S6002. Ch\u1ea5t li\u1ec7u porcelain v\u1edbi \u0111\u1ed9 h\u00fat \u1ea9m d\u01b0\u1edbi 1%, b\u1ec1 m\u1eb7t men matt. S\u1ea3n ph\u1ea9m b\u1ec1n b\u1ec9, ch\u1ed1ng th\u1ea5m, d\u1ec5 v\u1ec7 sinh v\u00e0 ph\u00f9 h\u1ee3p cho nhi\u1ec1u kh\u00f4ng gian t\u1eeb nh\u00e0 \u1edf t\u1edbi v\u0103n ph\u00f2ng v\u00e0 c\u00f4ng tr\u00ecnh c\u00f4ng c\u1ed9ng. Quy c\u00e1ch \u0111\u00f3ng g\u00f3i 1 h\u1ed9p g\u1ed3m 4 vi\u00ean, t\u1ed5ng di\u1ec7n t\u00edch 1,44 m2, c\u00e2n n\u1eb7ng 29 kg.","robots":{"index":"index","follow":"follow","max-snippet":"max-snippet:-1","max-image-preview":"max-image-preview:large","max-video-preview":"max-video-preview:-1"},"canonical":"https:\/\/imtile.com\/index.php\/san-pham\/gach-terrazzo-porcelain-mo-phang-kt-600x600mm-ma-s6002\/","og_locale":"vi_VN","og_type":"article","og_title":"G\u1ea1ch Terrazzo Porcelain m\u1edd ph\u1eb3ng KT 600x600mm - M\u00e3 S6002 - Imtile G\u1ea1ch Nh\u1eadp Kh\u1ea9u","og_description":"G\u1ea1ch Terrazzo Porcelain m\u1edd ph\u1eb3ng k\u00edch th\u01b0\u1edbc 600x600mm, m\u00e3 S6002. Ch\u1ea5t li\u1ec7u porcelain v\u1edbi \u0111\u1ed9 h\u00fat \u1ea9m d\u01b0\u1edbi 1%, b\u1ec1 m\u1eb7t men matt. S\u1ea3n ph\u1ea9m b\u1ec1n b\u1ec9, ch\u1ed1ng th\u1ea5m, d\u1ec5 v\u1ec7 sinh v\u00e0 ph\u00f9 h\u1ee3p cho nhi\u1ec1u kh\u00f4ng gian t\u1eeb nh\u00e0 \u1edf t\u1edbi v\u0103n ph\u00f2ng v\u00e0 c\u00f4ng tr\u00ecnh c\u00f4ng c\u1ed9ng. Quy c\u00e1ch \u0111\u00f3ng g\u00f3i 1 h\u1ed9p g\u1ed3m 4 vi\u00ean, t\u1ed5ng di\u1ec7n t\u00edch 1,44 m2, c\u00e2n n\u1eb7ng 29 kg.","og_url":"https:\/\/imtile.com\/index.php\/san-pham\/gach-terrazzo-porcelain-mo-phang-kt-600x600mm-ma-s6002\/","og_site_name":"Imtile G\u1ea1ch Nh\u1eadp Kh\u1ea9u","og_image":[{"width":1718,"height":2076,"url":"https:\/\/imtile.com\/wp-content\/uploads\/2025\/11\/z5861295942887-814f050ad98198f397bb83b9e7247805.jpg","type":"image\/jpeg"}],"twitter_card":"summary_large_image","twitter_misc":{"\u01af\u1edbc t\u00ednh th\u1eddi gian \u0111\u1ecdc":"4 ph\u00fat"},"schema":{"@context":"https:\/\/schema.org","@graph":[{"@type":"WebPage","@id":"https:\/\/imtile.com\/index.php\/san-pham\/gach-terrazzo-porcelain-mo-phang-kt-600x600mm-ma-s6002\/","url":"https:\/\/imtile.com\/index.php\/san-pham\/gach-terrazzo-porcelain-mo-phang-kt-600x600mm-ma-s6002\/","name":"G\u1ea1ch Terrazzo Porcelain m\u1edd ph\u1eb3ng KT 600x600mm - M\u00e3 S6002 - Imtile G\u1ea1ch Nh\u1eadp Kh\u1ea9u","isPartOf":{"@id":"https:\/\/imtile.com\/#website"},"primaryImageOfPage":{"@id":"https:\/\/imtile.com\/index.php\/san-pham\/gach-terrazzo-porcelain-mo-phang-kt-600x600mm-ma-s6002\/#primaryimage"},"image":{"@id":"https:\/\/imtile.com\/index.php\/san-pham\/gach-terrazzo-porcelain-mo-phang-kt-600x600mm-ma-s6002\/#primaryimage"},"thumbnailUrl":"https:\/\/imtile.com\/wp-content\/uploads\/2025\/11\/z5861295942887-814f050ad98198f397bb83b9e7247805.jpg","datePublished":"2025-11-15T03:32:41+00:00","description":"G\u1ea1ch Terrazzo Porcelain m\u1edd ph\u1eb3ng k\u00edch th\u01b0\u1edbc 600x600mm, m\u00e3 S6002. Ch\u1ea5t li\u1ec7u porcelain v\u1edbi \u0111\u1ed9 h\u00fat \u1ea9m d\u01b0\u1edbi 1%, b\u1ec1 m\u1eb7t men matt. S\u1ea3n ph\u1ea9m b\u1ec1n b\u1ec9, ch\u1ed1ng th\u1ea5m, d\u1ec5 v\u1ec7 sinh v\u00e0 ph\u00f9 h\u1ee3p cho nhi\u1ec1u kh\u00f4ng gian t\u1eeb nh\u00e0 \u1edf t\u1edbi v\u0103n ph\u00f2ng v\u00e0 c\u00f4ng tr\u00ecnh c\u00f4ng c\u1ed9ng. Quy c\u00e1ch \u0111\u00f3ng g\u00f3i 1 h\u1ed9p g\u1ed3m 4 vi\u00ean, t\u1ed5ng di\u1ec7n t\u00edch 1,44 m2, c\u00e2n n\u1eb7ng 29 kg.","breadcrumb":{"@id":"https:\/\/imtile.com\/index.php\/san-pham\/gach-terrazzo-porcelain-mo-phang-kt-600x600mm-ma-s6002\/#breadcrumb"},"inLanguage":"vi","potentialAction":[{"@type":"ReadAction","target":["https:\/\/imtile.com\/index.php\/san-pham\/gach-terrazzo-porcelain-mo-phang-kt-600x600mm-ma-s6002\/"]}]},{"@type":"ImageObject","inLanguage":"vi","@id":"https:\/\/imtile.com\/index.php\/san-pham\/gach-terrazzo-porcelain-mo-phang-kt-600x600mm-ma-s6002\/#primaryimage","url":"https:\/\/imtile.com\/wp-content\/uploads\/2025\/11\/z5861295942887-814f050ad98198f397bb83b9e7247805.jpg","contentUrl":"https:\/\/imtile.com\/wp-content\/uploads\/2025\/11\/z5861295942887-814f050ad98198f397bb83b9e7247805.jpg","width":1718,"height":2076,"caption":"G\u1ea1ch Terrazzo Porcelain m\u1edd ph\u1eb3ng KT 600x600mm m\u00e3 S6002"},{"@type":"BreadcrumbList","@id":"https:\/\/imtile.com\/index.php\/san-pham\/gach-terrazzo-porcelain-mo-phang-kt-600x600mm-ma-s6002\/#breadcrumb","itemListElement":[{"@type":"ListItem","position":1,"name":"Trang ch\u1ee7","item":"https:\/\/imtile.com\/"},{"@type":"ListItem","position":2,"name":"C\u1eeda h\u00e0ng","item":"https:\/\/imtile.com\/index.php\/cua-hang\/"},{"@type":"ListItem","position":3,"name":"G\u1ea1ch Terrazzo Porcelain m\u1edd ph\u1eb3ng KT 600x600mm &#8211; M\u00e3 S6002"}]},{"@type":"WebSite","@id":"https:\/\/imtile.com\/#website","url":"https:\/\/imtile.com\/","name":"Imtile G\u1ea1ch Nh\u1eadp Kh\u1ea9u","description":"D\u1eaaN \u0110\u1ea6U XU H\u01af\u1edaNG G\u1ea0CH","publisher":{"@id":"https:\/\/imtile.com\/#organization"},"potentialAction":[{"@type":"SearchAction","target":{"@type":"EntryPoint","urlTemplate":"https:\/\/imtile.com\/?s={search_term_string}"},"query-input":{"@type":"PropertyValueSpecification","valueRequired":true,"valueName":"search_term_string"}}],"inLanguage":"vi"},{"@type":"Organization","@id":"https:\/\/imtile.com\/#organization","name":"Imtile G\u1ea1ch Nh\u1eadp Kh\u1ea9u","url":"https:\/\/imtile.com\/","logo":{"@type":"ImageObject","inLanguage":"vi","@id":"https:\/\/imtile.com\/#\/schema\/logo\/image\/","url":"https:\/\/imtile.com\/wp-content\/uploads\/2025\/08\/cropped-z6871227294711_b67f846ad200e85f9c45efe3187db7f9-3-2.png","contentUrl":"https:\/\/imtile.com\/wp-content\/uploads\/2025\/08\/cropped-z6871227294711_b67f846ad200e85f9c45efe3187db7f9-3-2.png","width":2061,"height":531,"caption":"Imtile G\u1ea1ch Nh\u1eadp Kh\u1ea9u"},"image":{"@id":"https:\/\/imtile.com\/#\/schema\/logo\/image\/"}}]}},"jetpack_sharing_enabled":true,"_links":{"self":[{"href":"https:\/\/imtile.com\/index.php\/wp-json\/wp\/v2\/product\/1721","targetHints":{"allow":["GET"]}}],"collection":[{"href":"https:\/\/imtile.com\/index.php\/wp-json\/wp\/v2\/product"}],"about":[{"href":"https:\/\/imtile.com\/index.php\/wp-json\/wp\/v2\/types\/product"}],"replies":[{"embeddable":true,"href":"https:\/\/imtile.com\/index.php\/wp-json\/wp\/v2\/comments?post=1721"}],"wp:featuredmedia":[{"embeddable":true,"href":"https:\/\/imtile.com\/index.php\/wp-json\/wp\/v2\/media\/1722"}],"wp:attachment":[{"href":"https:\/\/imtile.com\/index.php\/wp-json\/wp\/v2\/media?parent=1721"}],"wp:term":[{"taxonomy":"product_brand","embeddable":true,"href":"https:\/\/imtile.com\/index.php\/wp-json\/wp\/v2\/product_brand?post=1721"},{"taxonomy":"product_cat","embeddable":true,"href":"https:\/\/imtile.com\/index.php\/wp-json\/wp\/v2\/product_cat?post=1721"},{"taxonomy":"product_tag","embeddable":true,"href":"https:\/\/imtile.com\/index.php\/wp-json\/wp\/v2\/product_tag?post=1721"}],"curies":[{"name":"wp","href":"https:\/\/api.w.org\/{rel}","templated":true}]}}