{"id":162,"date":"2025-08-06T04:08:01","date_gmt":"2025-08-06T04:08:01","guid":{"rendered":"http:\/\/localhost:8888\/wordpress\/?post_type=product&#038;p=162"},"modified":"2025-09-17T02:51:00","modified_gmt":"2025-09-17T02:51:00","slug":"gach-bong-kt-300x300mm-ma-mf3100","status":"publish","type":"product","link":"https:\/\/imtile.com\/index.php\/san-pham\/gach-bong-kt-300x300mm-ma-mf3100\/","title":{"rendered":"G\u1ea1ch b\u00f4ng KT 300x300mm m\u00e3 MF3100"},"content":{"rendered":"<p><strong>Th\u00f4ng tin s\u1ea3n ph\u1ea9m\u00a0<\/strong><\/p>\n<figure class=\"table\">\n<table>\n<tbody>\n<tr>\n<td>K\u00edch th\u01b0\u1edbc<\/td>\n<td>300x300mm<\/td>\n<\/tr>\n<tr>\n<td>Ch\u1ea5t li\u1ec7u<\/td>\n<td>Porcelain<\/td>\n<\/tr>\n<tr>\n<td>B\u1ec1 m\u1eb7t<\/td>\n<td>M\u1edd ph\u1eb3ng<\/td>\n<\/tr>\n<tr>\n<td>Xu\u1ea5t x\u1ee9<\/td>\n<td>Trung Qu\u1ed1c<\/td>\n<\/tr>\n<tr>\n<td>Quy c\u00e1ch<\/td>\n<td>11 vi\u00ean\/h\u1ed9p\/1m2\/17kg<\/td>\n<\/tr>\n<\/tbody>\n<\/table>\n<\/figure>\n<p><strong>\u01afu \u0111i\u1ec3m c\u1ee7a s\u1ea3n ph\u1ea9m\u00a0<\/strong><\/p>\n<ul>\n<li><strong>\u0110a d\u1ea1ng m\u1eabu m\u00e3:<\/strong>\u00a0T\u1eeb nh\u1eefng h\u1ecda ti\u1ebft hoa l\u00e1 \u0111\u01a1n gi\u1ea3n \u0111\u1ebfn nh\u1eefng h\u1ecda h\u00ecnh h\u00ecnh h\u1ecdc ph\u1ee9c t\u1ea1p, g\u1ea1ch b\u00f4ng 30x30cm mang \u0111\u1ebfn v\u00f4 v\u00e0n l\u1ef1a ch\u1ecdn \u0111\u1ec3 b\u1ea1n th\u1ecfa s\u1ee9c s\u00e1ng t\u1ea1o.<\/li>\n<li><strong>Ch\u1ea5t l\u01b0\u1ee3ng v\u01b0\u1ee3t tr\u1ed9i:<\/strong>\u00a0G\u1ea1ch b\u00f4ng s\u1ea3n xu\u1ea5t t\u1ea1i Trung Qu\u1ed1c \u0111\u01b0\u1ee3c s\u1ea3n xu\u1ea5t tr\u00ean d\u00e2y chuy\u1ec1n c\u00f4ng ngh\u1ec7 hi\u1ec7n \u0111\u1ea1i, \u0111\u1ea3m b\u1ea3o ch\u1ea5t l\u01b0\u1ee3ng cao, \u0111\u1ed9 b\u1ec1n t\u1ed1t v\u00e0 kh\u1ea3 n\u0103ng ch\u1ed1ng th\u1ea5m n\u01b0\u1edbc, ch\u1ed1ng tr\u1ea7y x\u01b0\u1edbc.<\/li>\n<li><strong>Gi\u00e1 c\u1ea3 ph\u1ea3i ch\u0103ng:<\/strong>\u00a0So v\u1edbi c\u00e1c lo\u1ea1i g\u1ea1ch trang tr\u00ed kh\u00e1c, g\u1ea1ch b\u00f4ng c\u00f3 gi\u00e1 th\u00e0nh kh\u00e1 h\u1ee3p l\u00fd, ph\u00f9 h\u1ee3p v\u1edbi nhi\u1ec1u \u0111\u1ed1i t\u01b0\u1ee3ng kh\u00e1ch h\u00e0ng.<\/li>\n<li><strong>D\u1ec5 d\u00e0ng thi c\u00f4ng:<\/strong>\u00a0V\u1edbi k\u00edch th\u01b0\u1edbc 30x30cm, g\u1ea1ch b\u00f4ng r\u1ea5t d\u1ec5 d\u00e0ng c\u1eaft gh\u00e9p v\u00e0 thi c\u00f4ng, ph\u00f9 h\u1ee3p v\u1edbi nhi\u1ec1u kh\u00f4ng gian kh\u00e1c nhau.<\/li>\n<li><strong>T\u00ednh th\u1ea9m m\u1ef9 cao:<\/strong>\u00a0G\u1ea1ch b\u00f4ng kh\u00f4ng ch\u1ec9 mang \u0111\u1ebfn v\u1ebb \u0111\u1eb9p \u0111\u1ed9c \u0111\u00e1o m\u00e0 c\u00f2n t\u1ea1o c\u1ea3m gi\u00e1c \u1ea5m c\u00fang, g\u1ea7n g\u0169i cho kh\u00f4ng gian s\u1ed1ng.<\/li>\n<\/ul>\n<p><strong>\u1ee8ng d\u1ee5ng c\u1ee7a g\u1ea1ch b\u00f4ng 300x300mm trong thi\u1ebft k\u1ebf n\u1ed9i th\u1ea5t<\/strong><\/p>\n<ul>\n<li><strong>Kh\u00f4ng gian ph\u00f2ng kh\u00e1ch:<\/strong>\u00a0T\u1ea1o \u0111i\u1ec3m nh\u1ea5n \u1ea5n t\u01b0\u1ee3ng cho ph\u00f2ng kh\u00e1ch b\u1eb1ng c\u00e1ch l\u00e1t g\u1ea1ch b\u00f4ng \u1edf khu v\u1ef1c trung t\u00e2m.<\/li>\n<li><strong>Ph\u00f2ng b\u1ebfp:<\/strong>\u00a0Mang \u0111\u1ebfn kh\u00f4ng gian b\u1ebfp m\u1ed9t v\u1ebb \u0111\u1eb9p retro, \u1ea5m c\u00fang v\u1edbi nh\u1eefng h\u1ecda ti\u1ebft hoa qu\u1ea3, hoa l\u00e1.<\/li>\n<li><strong>Ph\u00f2ng ng\u1ee7:<\/strong>\u00a0T\u1ea1o kh\u00f4ng gian th\u01b0 gi\u00e3n, tho\u1ea3i m\u00e1i v\u1edbi nh\u1eefng h\u1ecda ti\u1ebft hoa v\u0103n nh\u1eb9 nh\u00e0ng, tinh t\u1ebf.<\/li>\n<li><strong>Nh\u00e0 t\u1eafm:<\/strong>\u00a0T\u0103ng th\u00eam s\u1ef1 \u0111\u1ed9c \u0111\u00e1o v\u00e0 c\u00e1 t\u00ednh cho kh\u00f4ng gian nh\u00e0 t\u1eafm v\u1edbi nh\u1eefng h\u1ecda ti\u1ebft s\u1ecdc, k\u1ebb ho\u1eb7c h\u00ecnh h\u1ecdc.<\/li>\n<li><strong>Kh\u00f4ng gian th\u01b0\u01a1ng m\u1ea1i:<\/strong>\u00a0T\u1ea1o \u0111i\u1ec3m nh\u1ea5n cho c\u00e1c c\u1eeda h\u00e0ng, qu\u00e1n cafe, nh\u00e0 h\u00e0ng v\u1edbi nh\u1eefng h\u1ecda ti\u1ebft \u0111\u1ed9c \u0111\u00e1o, mang \u0111\u1eadm d\u1ea5u \u1ea5n c\u00e1 nh\u00e2n.<\/li>\n<\/ul>\n<p><strong>L\u1eddi khuy\u00ean khi l\u1ef1a ch\u1ecdn v\u00e0 thi c\u00f4ng g\u1ea1ch b\u00f4ng<\/strong><\/p>\n<ul>\n<li><strong>L\u1ef1a ch\u1ecdn m\u1eabu m\u00e3 ph\u00f9 h\u1ee3p:<\/strong>\u00a0Ch\u1ecdn m\u1eabu g\u1ea1ch b\u00f4ng c\u00f3 m\u00e0u s\u1eafc v\u00e0 h\u1ecda ti\u1ebft ph\u00f9 h\u1ee3p v\u1edbi phong c\u00e1ch thi\u1ebft k\u1ebf chung c\u1ee7a c\u0103n nh\u00e0.<\/li>\n<li><strong>X\u00e1c \u0111\u1ecbnh di\u1ec7n t\u00edch c\u1ea7n l\u00e1t:<\/strong>\u00a0\u0110o \u0111\u1ea1c ch\u00ednh x\u00e1c di\u1ec7n t\u00edch c\u1ea7n l\u00e1t \u0111\u1ec3 t\u00ednh to\u00e1n s\u1ed1 l\u01b0\u1ee3ng g\u1ea1ch c\u1ea7n mua.<\/li>\n<li><strong>Ch\u1ecdn lo\u1ea1i keo d\u00e1n g\u1ea1ch ph\u00f9 h\u1ee3p:<\/strong>\u00a0S\u1eed d\u1ee5ng lo\u1ea1i keo d\u00e1n g\u1ea1ch chuy\u00ean d\u1ee5ng \u0111\u1ec3 \u0111\u1ea3m b\u1ea3o \u0111\u1ed9 b\u1ec1n c\u1ee7a c\u00f4ng tr\u00ecnh.<\/li>\n<li><strong>Thi c\u00f4ng:<\/strong>\u00a0N\u00ean thu\u00ea \u0111\u1ed9i ng\u0169 th\u1ee3 thi c\u00f4ng chuy\u00ean nghi\u1ec7p \u0111\u1ec3 \u0111\u1ea3m b\u1ea3o ch\u1ea5t l\u01b0\u1ee3ng c\u00f4ng tr\u00ecnh.<\/li>\n<\/ul>\n<p><strong>\u0110\u1ecba ch\u1ec9 mua g\u1ea1ch b\u00f4ng trang tr\u00ed ch\u1ea5t l\u01b0\u1ee3ng, gi\u00e1 t\u1ed1t<\/strong><\/p>\n<p>EcobigLaziotile t\u1ef1 h\u00e0o l\u00e0 \u0111\u01a1n v\u1ecb cung c\u1ea5p v\u00e0 ph\u00e2n ph\u1ed1i g\u1ea1ch trang tr\u00ed &amp; g\u1ea1ch \u1ed1p l\u00e1t r\u1ed9ng kh\u1eafp c\u1ea3 n\u01b0\u1edbc. V\u1edbi nhi\u1ec1u n\u0103m kinh nghi\u1ec7m, ch\u00fang t\u00f4i t\u1ef1 tin mang \u0111\u1ebfn cho b\u1ea1n nh\u1eefng d\u00f2ng s\u1ea3n ph\u1ea9m ch\u1ea5t l\u01b0\u1ee3ng v\u00e0 th\u1eddi th\u01b0\u1ee3ng nh\u1ea5t. \u0110\u1ec3 \u0111\u01b0\u1ee3c t\u01b0 v\u1ea5n v\u00e0 \u0111\u1eb7t mua g\u1ea1ch trang tr\u00ed &amp; g\u1ea1ch \u1ed1p l\u00e1t gi\u00e1 t\u1ed1t nh\u1ea5t, qu\u00fd kh\u00e1ch h\u00e0ng, qu\u00fd \u0111\u1ed1i t\u00e1c vui l\u00f2ng li\u00ean h\u1ec7 theo s\u1ed1 Hotline:\u00a0<strong>0924446888 &#8211; 0971020333<\/strong>\u00a0(Khu v\u1ef1c Mi\u1ec1n B\u1eafc) ho\u1eb7c\u00a0<strong>0931830185 &#8211; 0985563232<\/strong>\u00a0(Khu v\u1ef1c Mi\u1ec1n Nam) \u0111\u1ec3 \u0111\u01b0\u1ee3c h\u1ed7 tr\u1ee3 nhanh ch\u00f3ng!<\/p>\n<p>\ud83d\udccd \u0110\u1ecba ch\u1ec9:<br \/>\nKHO HN: Ph\u01b0\u1eddng Ng\u1ecdc Th\u1ee5y, Qu\u1eadn Long Bi\u00ean, H\u00e0 N\u1ed9i<br \/>\nKHO HCM: 740 Qu\u1ed1c l\u1ed9 1A, Qu\u1eadn B\u00ecnh T\u00e2n, TP.HCM<\/p>\n","protected":false},"excerpt":{"rendered":"<p>G\u1ea1ch b\u00f4ng 30x30cm Trung Qu\u1ed1c l\u00e0 m\u1ed9t s\u1ef1 l\u1ef1a ch\u1ecdn tuy\u1ec7t v\u1eddi cho nh\u1eefng ai y\u00eau th\u00edch phong c\u00e1ch c\u1ed5 \u0111i\u1ec3n v\u00e0 mu\u1ed1n t\u1ea1o \u0111i\u1ec3m nh\u1ea5n \u0111\u1ed9c \u0111\u00e1o cho kh\u00f4ng gian s\u1ed1ng c\u1ee7a m\u00ecnh. V\u1edbi \u0111a d\u1ea1ng m\u1eabu m\u00e3, ch\u1ea5t l\u01b0\u1ee3ng t\u1ed1t v\u00e0 gi\u00e1 c\u1ea3 ph\u1ea3i ch\u0103ng, g\u1ea1ch b\u00f4ng ch\u1eafc ch\u1eafn s\u1ebd l\u00e0m h\u00e0i l\u00f2ng m\u1ecdi kh\u00e1ch h\u00e0ng.<\/p>\n","protected":false},"featured_media":163,"comment_status":"open","ping_status":"closed","template":"","meta":[],"product_brand":[],"product_cat":[24],"product_tag":[30,29,31,33,22,18,19,21,20,32],"class_list":{"0":"post-162","1":"product","2":"type-product","3":"status-publish","4":"has-post-thumbnail","6":"product_cat-gach-bong","7":"product_tag-gach-lat-nen","8":"product_tag-gach-op-lat","9":"product_tag-gach-op-tuong","10":"product_tag-gach-terrazzo","11":"product_tag-gach-the","12":"product_tag-gach-the-120x120","13":"product_tag-gach-the-op-tuong","14":"product_tag-gach-the-trang-tri","15":"product_tag-gach-trang-tri","16":"product_tag-terrazzo","18":"first","19":"instock","20":"shipping-taxable","21":"purchasable","22":"product-type-simple"},"yoast_head":"<!-- This site is optimized with the Yoast SEO plugin v25.6 - https:\/\/yoast.com\/wordpress\/plugins\/seo\/ -->\n<title>G\u1ea1ch b\u00f4ng KT 300x300mm m\u00e3 MF3100 - Imtile G\u1ea1ch Nh\u1eadp Kh\u1ea9u<\/title>\n<meta name=\"description\" content=\"G\u1ea1ch b\u00f4ng 30x30cm Trung Qu\u1ed1c l\u00e0 m\u1ed9t s\u1ef1 l\u1ef1a ch\u1ecdn tuy\u1ec7t v\u1eddi cho nh\u1eefng ai y\u00eau th\u00edch phong c\u00e1ch c\u1ed5 \u0111i\u1ec3n v\u00e0 mu\u1ed1n t\u1ea1o \u0111i\u1ec3m nh\u1ea5n \u0111\u1ed9c \u0111\u00e1o cho kh\u00f4ng gian s\u1ed1ng c\u1ee7a m\u00ecnh. V\u1edbi \u0111a d\u1ea1ng m\u1eabu m\u00e3, ch\u1ea5t l\u01b0\u1ee3ng t\u1ed1t v\u00e0 gi\u00e1 c\u1ea3 ph\u1ea3i ch\u0103ng, g\u1ea1ch b\u00f4ng ch\u1eafc ch\u1eafn s\u1ebd l\u00e0m h\u00e0i l\u00f2ng m\u1ecdi kh\u00e1ch h\u00e0ng.\" \/>\n<meta name=\"robots\" content=\"index, follow, max-snippet:-1, max-image-preview:large, max-video-preview:-1\" \/>\n<link rel=\"canonical\" href=\"https:\/\/imtile.com\/index.php\/san-pham\/gach-bong-kt-300x300mm-ma-mf3100\/\" \/>\n<meta property=\"og:locale\" content=\"vi_VN\" \/>\n<meta property=\"og:type\" content=\"article\" \/>\n<meta property=\"og:title\" content=\"G\u1ea1ch b\u00f4ng KT 300x300mm m\u00e3 MF3100 - Imtile G\u1ea1ch Nh\u1eadp Kh\u1ea9u\" \/>\n<meta property=\"og:description\" content=\"G\u1ea1ch b\u00f4ng 30x30cm Trung Qu\u1ed1c l\u00e0 m\u1ed9t s\u1ef1 l\u1ef1a ch\u1ecdn tuy\u1ec7t v\u1eddi cho nh\u1eefng ai y\u00eau th\u00edch phong c\u00e1ch c\u1ed5 \u0111i\u1ec3n v\u00e0 mu\u1ed1n t\u1ea1o \u0111i\u1ec3m nh\u1ea5n \u0111\u1ed9c \u0111\u00e1o cho kh\u00f4ng gian s\u1ed1ng c\u1ee7a m\u00ecnh. V\u1edbi \u0111a d\u1ea1ng m\u1eabu m\u00e3, ch\u1ea5t l\u01b0\u1ee3ng t\u1ed1t v\u00e0 gi\u00e1 c\u1ea3 ph\u1ea3i ch\u0103ng, g\u1ea1ch b\u00f4ng ch\u1eafc ch\u1eafn s\u1ebd l\u00e0m h\u00e0i l\u00f2ng m\u1ecdi kh\u00e1ch h\u00e0ng.\" \/>\n<meta property=\"og:url\" content=\"https:\/\/imtile.com\/index.php\/san-pham\/gach-bong-kt-300x300mm-ma-mf3100\/\" \/>\n<meta property=\"og:site_name\" content=\"Imtile G\u1ea1ch Nh\u1eadp Kh\u1ea9u\" \/>\n<meta property=\"article:modified_time\" content=\"2025-09-17T02:51:00+00:00\" \/>\n<meta property=\"og:image\" content=\"https:\/\/imtile.com\/wp-content\/uploads\/2025\/08\/mf3100-1.jpg\" \/>\n\t<meta property=\"og:image:width\" content=\"795\" \/>\n\t<meta property=\"og:image:height\" content=\"796\" \/>\n\t<meta property=\"og:image:type\" content=\"image\/jpeg\" \/>\n<meta name=\"twitter:card\" content=\"summary_large_image\" \/>\n<meta name=\"twitter:label1\" content=\"\u01af\u1edbc t\u00ednh th\u1eddi gian \u0111\u1ecdc\" \/>\n\t<meta name=\"twitter:data1\" content=\"4 ph\u00fat\" \/>\n<script type=\"application\/ld+json\" class=\"yoast-schema-graph\">{\"@context\":\"https:\/\/schema.org\",\"@graph\":[{\"@type\":\"WebPage\",\"@id\":\"https:\/\/imtile.com\/index.php\/san-pham\/gach-bong-kt-300x300mm-ma-mf3100\/\",\"url\":\"https:\/\/imtile.com\/index.php\/san-pham\/gach-bong-kt-300x300mm-ma-mf3100\/\",\"name\":\"G\u1ea1ch b\u00f4ng KT 300x300mm m\u00e3 MF3100 - Imtile G\u1ea1ch Nh\u1eadp Kh\u1ea9u\",\"isPartOf\":{\"@id\":\"https:\/\/imtile.com\/#website\"},\"primaryImageOfPage\":{\"@id\":\"https:\/\/imtile.com\/index.php\/san-pham\/gach-bong-kt-300x300mm-ma-mf3100\/#primaryimage\"},\"image\":{\"@id\":\"https:\/\/imtile.com\/index.php\/san-pham\/gach-bong-kt-300x300mm-ma-mf3100\/#primaryimage\"},\"thumbnailUrl\":\"https:\/\/imtile.com\/wp-content\/uploads\/2025\/08\/mf3100-1.jpg\",\"datePublished\":\"2025-08-06T04:08:01+00:00\",\"dateModified\":\"2025-09-17T02:51:00+00:00\",\"description\":\"G\u1ea1ch b\u00f4ng 30x30cm Trung Qu\u1ed1c l\u00e0 m\u1ed9t s\u1ef1 l\u1ef1a ch\u1ecdn tuy\u1ec7t v\u1eddi cho nh\u1eefng ai y\u00eau th\u00edch phong c\u00e1ch c\u1ed5 \u0111i\u1ec3n v\u00e0 mu\u1ed1n t\u1ea1o \u0111i\u1ec3m nh\u1ea5n \u0111\u1ed9c \u0111\u00e1o cho kh\u00f4ng gian s\u1ed1ng c\u1ee7a m\u00ecnh. V\u1edbi \u0111a d\u1ea1ng m\u1eabu m\u00e3, ch\u1ea5t l\u01b0\u1ee3ng t\u1ed1t v\u00e0 gi\u00e1 c\u1ea3 ph\u1ea3i ch\u0103ng, g\u1ea1ch b\u00f4ng ch\u1eafc ch\u1eafn s\u1ebd l\u00e0m h\u00e0i l\u00f2ng m\u1ecdi kh\u00e1ch h\u00e0ng.\",\"breadcrumb\":{\"@id\":\"https:\/\/imtile.com\/index.php\/san-pham\/gach-bong-kt-300x300mm-ma-mf3100\/#breadcrumb\"},\"inLanguage\":\"vi\",\"potentialAction\":[{\"@type\":\"ReadAction\",\"target\":[\"https:\/\/imtile.com\/index.php\/san-pham\/gach-bong-kt-300x300mm-ma-mf3100\/\"]}]},{\"@type\":\"ImageObject\",\"inLanguage\":\"vi\",\"@id\":\"https:\/\/imtile.com\/index.php\/san-pham\/gach-bong-kt-300x300mm-ma-mf3100\/#primaryimage\",\"url\":\"https:\/\/imtile.com\/wp-content\/uploads\/2025\/08\/mf3100-1.jpg\",\"contentUrl\":\"https:\/\/imtile.com\/wp-content\/uploads\/2025\/08\/mf3100-1.jpg\",\"width\":795,\"height\":796},{\"@type\":\"BreadcrumbList\",\"@id\":\"https:\/\/imtile.com\/index.php\/san-pham\/gach-bong-kt-300x300mm-ma-mf3100\/#breadcrumb\",\"itemListElement\":[{\"@type\":\"ListItem\",\"position\":1,\"name\":\"Trang ch\u1ee7\",\"item\":\"https:\/\/imtile.com\/\"},{\"@type\":\"ListItem\",\"position\":2,\"name\":\"C\u1eeda h\u00e0ng\",\"item\":\"https:\/\/imtile.com\/index.php\/cua-hang\/\"},{\"@type\":\"ListItem\",\"position\":3,\"name\":\"G\u1ea1ch b\u00f4ng KT 300x300mm m\u00e3 MF3100\"}]},{\"@type\":\"WebSite\",\"@id\":\"https:\/\/imtile.com\/#website\",\"url\":\"https:\/\/imtile.com\/\",\"name\":\"Imtile G\u1ea1ch Nh\u1eadp Kh\u1ea9u\",\"description\":\"D\u1eaaN \u0110\u1ea6U XU H\u01af\u1edaNG G\u1ea0CH\",\"publisher\":{\"@id\":\"https:\/\/imtile.com\/#organization\"},\"potentialAction\":[{\"@type\":\"SearchAction\",\"target\":{\"@type\":\"EntryPoint\",\"urlTemplate\":\"https:\/\/imtile.com\/?s={search_term_string}\"},\"query-input\":{\"@type\":\"PropertyValueSpecification\",\"valueRequired\":true,\"valueName\":\"search_term_string\"}}],\"inLanguage\":\"vi\"},{\"@type\":\"Organization\",\"@id\":\"https:\/\/imtile.com\/#organization\",\"name\":\"Imtile G\u1ea1ch Nh\u1eadp Kh\u1ea9u\",\"url\":\"https:\/\/imtile.com\/\",\"logo\":{\"@type\":\"ImageObject\",\"inLanguage\":\"vi\",\"@id\":\"https:\/\/imtile.com\/#\/schema\/logo\/image\/\",\"url\":\"https:\/\/imtile.com\/wp-content\/uploads\/2025\/08\/cropped-z6871227294711_b67f846ad200e85f9c45efe3187db7f9-3-2.png\",\"contentUrl\":\"https:\/\/imtile.com\/wp-content\/uploads\/2025\/08\/cropped-z6871227294711_b67f846ad200e85f9c45efe3187db7f9-3-2.png\",\"width\":2061,\"height\":531,\"caption\":\"Imtile G\u1ea1ch Nh\u1eadp Kh\u1ea9u\"},\"image\":{\"@id\":\"https:\/\/imtile.com\/#\/schema\/logo\/image\/\"}}]}<\/script>\n<!-- \/ Yoast SEO plugin. -->","yoast_head_json":{"title":"G\u1ea1ch b\u00f4ng KT 300x300mm m\u00e3 MF3100 - Imtile G\u1ea1ch Nh\u1eadp Kh\u1ea9u","description":"G\u1ea1ch b\u00f4ng 30x30cm Trung Qu\u1ed1c l\u00e0 m\u1ed9t s\u1ef1 l\u1ef1a ch\u1ecdn tuy\u1ec7t v\u1eddi cho nh\u1eefng ai y\u00eau th\u00edch phong c\u00e1ch c\u1ed5 \u0111i\u1ec3n v\u00e0 mu\u1ed1n t\u1ea1o \u0111i\u1ec3m nh\u1ea5n \u0111\u1ed9c \u0111\u00e1o cho kh\u00f4ng gian s\u1ed1ng c\u1ee7a m\u00ecnh. V\u1edbi \u0111a d\u1ea1ng m\u1eabu m\u00e3, ch\u1ea5t l\u01b0\u1ee3ng t\u1ed1t v\u00e0 gi\u00e1 c\u1ea3 ph\u1ea3i ch\u0103ng, g\u1ea1ch b\u00f4ng ch\u1eafc ch\u1eafn s\u1ebd l\u00e0m h\u00e0i l\u00f2ng m\u1ecdi kh\u00e1ch h\u00e0ng.","robots":{"index":"index","follow":"follow","max-snippet":"max-snippet:-1","max-image-preview":"max-image-preview:large","max-video-preview":"max-video-preview:-1"},"canonical":"https:\/\/imtile.com\/index.php\/san-pham\/gach-bong-kt-300x300mm-ma-mf3100\/","og_locale":"vi_VN","og_type":"article","og_title":"G\u1ea1ch b\u00f4ng KT 300x300mm m\u00e3 MF3100 - Imtile G\u1ea1ch Nh\u1eadp Kh\u1ea9u","og_description":"G\u1ea1ch b\u00f4ng 30x30cm Trung Qu\u1ed1c l\u00e0 m\u1ed9t s\u1ef1 l\u1ef1a ch\u1ecdn tuy\u1ec7t v\u1eddi cho nh\u1eefng ai y\u00eau th\u00edch phong c\u00e1ch c\u1ed5 \u0111i\u1ec3n v\u00e0 mu\u1ed1n t\u1ea1o \u0111i\u1ec3m nh\u1ea5n \u0111\u1ed9c \u0111\u00e1o cho kh\u00f4ng gian s\u1ed1ng c\u1ee7a m\u00ecnh. V\u1edbi \u0111a d\u1ea1ng m\u1eabu m\u00e3, ch\u1ea5t l\u01b0\u1ee3ng t\u1ed1t v\u00e0 gi\u00e1 c\u1ea3 ph\u1ea3i ch\u0103ng, g\u1ea1ch b\u00f4ng ch\u1eafc ch\u1eafn s\u1ebd l\u00e0m h\u00e0i l\u00f2ng m\u1ecdi kh\u00e1ch h\u00e0ng.","og_url":"https:\/\/imtile.com\/index.php\/san-pham\/gach-bong-kt-300x300mm-ma-mf3100\/","og_site_name":"Imtile G\u1ea1ch Nh\u1eadp Kh\u1ea9u","article_modified_time":"2025-09-17T02:51:00+00:00","og_image":[{"width":795,"height":796,"url":"https:\/\/imtile.com\/wp-content\/uploads\/2025\/08\/mf3100-1.jpg","type":"image\/jpeg"}],"twitter_card":"summary_large_image","twitter_misc":{"\u01af\u1edbc t\u00ednh th\u1eddi gian \u0111\u1ecdc":"4 ph\u00fat"},"schema":{"@context":"https:\/\/schema.org","@graph":[{"@type":"WebPage","@id":"https:\/\/imtile.com\/index.php\/san-pham\/gach-bong-kt-300x300mm-ma-mf3100\/","url":"https:\/\/imtile.com\/index.php\/san-pham\/gach-bong-kt-300x300mm-ma-mf3100\/","name":"G\u1ea1ch b\u00f4ng KT 300x300mm m\u00e3 MF3100 - Imtile G\u1ea1ch Nh\u1eadp Kh\u1ea9u","isPartOf":{"@id":"https:\/\/imtile.com\/#website"},"primaryImageOfPage":{"@id":"https:\/\/imtile.com\/index.php\/san-pham\/gach-bong-kt-300x300mm-ma-mf3100\/#primaryimage"},"image":{"@id":"https:\/\/imtile.com\/index.php\/san-pham\/gach-bong-kt-300x300mm-ma-mf3100\/#primaryimage"},"thumbnailUrl":"https:\/\/imtile.com\/wp-content\/uploads\/2025\/08\/mf3100-1.jpg","datePublished":"2025-08-06T04:08:01+00:00","dateModified":"2025-09-17T02:51:00+00:00","description":"G\u1ea1ch b\u00f4ng 30x30cm Trung Qu\u1ed1c l\u00e0 m\u1ed9t s\u1ef1 l\u1ef1a ch\u1ecdn tuy\u1ec7t v\u1eddi cho nh\u1eefng ai y\u00eau th\u00edch phong c\u00e1ch c\u1ed5 \u0111i\u1ec3n v\u00e0 mu\u1ed1n t\u1ea1o \u0111i\u1ec3m nh\u1ea5n \u0111\u1ed9c \u0111\u00e1o cho kh\u00f4ng gian s\u1ed1ng c\u1ee7a m\u00ecnh. V\u1edbi \u0111a d\u1ea1ng m\u1eabu m\u00e3, ch\u1ea5t l\u01b0\u1ee3ng t\u1ed1t v\u00e0 gi\u00e1 c\u1ea3 ph\u1ea3i ch\u0103ng, g\u1ea1ch b\u00f4ng ch\u1eafc ch\u1eafn s\u1ebd l\u00e0m h\u00e0i l\u00f2ng m\u1ecdi kh\u00e1ch h\u00e0ng.","breadcrumb":{"@id":"https:\/\/imtile.com\/index.php\/san-pham\/gach-bong-kt-300x300mm-ma-mf3100\/#breadcrumb"},"inLanguage":"vi","potentialAction":[{"@type":"ReadAction","target":["https:\/\/imtile.com\/index.php\/san-pham\/gach-bong-kt-300x300mm-ma-mf3100\/"]}]},{"@type":"ImageObject","inLanguage":"vi","@id":"https:\/\/imtile.com\/index.php\/san-pham\/gach-bong-kt-300x300mm-ma-mf3100\/#primaryimage","url":"https:\/\/imtile.com\/wp-content\/uploads\/2025\/08\/mf3100-1.jpg","contentUrl":"https:\/\/imtile.com\/wp-content\/uploads\/2025\/08\/mf3100-1.jpg","width":795,"height":796},{"@type":"BreadcrumbList","@id":"https:\/\/imtile.com\/index.php\/san-pham\/gach-bong-kt-300x300mm-ma-mf3100\/#breadcrumb","itemListElement":[{"@type":"ListItem","position":1,"name":"Trang ch\u1ee7","item":"https:\/\/imtile.com\/"},{"@type":"ListItem","position":2,"name":"C\u1eeda h\u00e0ng","item":"https:\/\/imtile.com\/index.php\/cua-hang\/"},{"@type":"ListItem","position":3,"name":"G\u1ea1ch b\u00f4ng KT 300x300mm m\u00e3 MF3100"}]},{"@type":"WebSite","@id":"https:\/\/imtile.com\/#website","url":"https:\/\/imtile.com\/","name":"Imtile G\u1ea1ch Nh\u1eadp Kh\u1ea9u","description":"D\u1eaaN \u0110\u1ea6U XU H\u01af\u1edaNG G\u1ea0CH","publisher":{"@id":"https:\/\/imtile.com\/#organization"},"potentialAction":[{"@type":"SearchAction","target":{"@type":"EntryPoint","urlTemplate":"https:\/\/imtile.com\/?s={search_term_string}"},"query-input":{"@type":"PropertyValueSpecification","valueRequired":true,"valueName":"search_term_string"}}],"inLanguage":"vi"},{"@type":"Organization","@id":"https:\/\/imtile.com\/#organization","name":"Imtile G\u1ea1ch Nh\u1eadp Kh\u1ea9u","url":"https:\/\/imtile.com\/","logo":{"@type":"ImageObject","inLanguage":"vi","@id":"https:\/\/imtile.com\/#\/schema\/logo\/image\/","url":"https:\/\/imtile.com\/wp-content\/uploads\/2025\/08\/cropped-z6871227294711_b67f846ad200e85f9c45efe3187db7f9-3-2.png","contentUrl":"https:\/\/imtile.com\/wp-content\/uploads\/2025\/08\/cropped-z6871227294711_b67f846ad200e85f9c45efe3187db7f9-3-2.png","width":2061,"height":531,"caption":"Imtile G\u1ea1ch Nh\u1eadp Kh\u1ea9u"},"image":{"@id":"https:\/\/imtile.com\/#\/schema\/logo\/image\/"}}]}},"jetpack_sharing_enabled":true,"_links":{"self":[{"href":"https:\/\/imtile.com\/index.php\/wp-json\/wp\/v2\/product\/162","targetHints":{"allow":["GET"]}}],"collection":[{"href":"https:\/\/imtile.com\/index.php\/wp-json\/wp\/v2\/product"}],"about":[{"href":"https:\/\/imtile.com\/index.php\/wp-json\/wp\/v2\/types\/product"}],"replies":[{"embeddable":true,"href":"https:\/\/imtile.com\/index.php\/wp-json\/wp\/v2\/comments?post=162"}],"wp:featuredmedia":[{"embeddable":true,"href":"https:\/\/imtile.com\/index.php\/wp-json\/wp\/v2\/media\/163"}],"wp:attachment":[{"href":"https:\/\/imtile.com\/index.php\/wp-json\/wp\/v2\/media?parent=162"}],"wp:term":[{"taxonomy":"product_brand","embeddable":true,"href":"https:\/\/imtile.com\/index.php\/wp-json\/wp\/v2\/product_brand?post=162"},{"taxonomy":"product_cat","embeddable":true,"href":"https:\/\/imtile.com\/index.php\/wp-json\/wp\/v2\/product_cat?post=162"},{"taxonomy":"product_tag","embeddable":true,"href":"https:\/\/imtile.com\/index.php\/wp-json\/wp\/v2\/product_tag?post=162"}],"curies":[{"name":"wp","href":"https:\/\/api.w.org\/{rel}","templated":true}]}}