{"id":1426,"date":"2025-10-18T08:16:57","date_gmt":"2025-10-18T08:16:57","guid":{"rendered":"https:\/\/imtile.com\/?post_type=product&#038;p=1426"},"modified":"2025-10-18T08:23:59","modified_gmt":"2025-10-18T08:23:59","slug":"gach-the-100x100mm-bong-luon-mat-ma-11b04","status":"publish","type":"product","link":"https:\/\/imtile.com\/index.php\/san-pham\/gach-the-100x100mm-bong-luon-mat-ma-11b04\/","title":{"rendered":"G\u1ea1ch th\u1ebb 100x100mm b\u00f3ng l\u01b0\u1ee3n m\u1eb7t m\u00e3 11B04"},"content":{"rendered":"<h3>Th\u00f4ng s\u1ed1 k\u1ef9 thu\u1eadt<\/h3>\n<ul>\n<li><strong>K\u00edch th\u01b0\u1edbc:<\/strong>\u00a0100 x 100 mm<\/li>\n<li><strong>Ch\u1ea5t li\u1ec7u:<\/strong>\u00a0Ceramic<\/li>\n<li><strong>B\u1ec1 m\u1eb7t:<\/strong>\u00a0B\u00f3ng l\u01b0\u1ee3n m\u1eb7t<\/li>\n<li><strong>Xu\u1ea5t x\u1ee9:<\/strong>\u00a0Trung Qu\u1ed1c<\/li>\n<li><strong>Quy c\u00e1ch \u0111\u00f3ng g\u00f3i:<\/strong> 100 vi\u00ean\/h\u1ed9p, di\u1ec7n t\u00edch 1 m\u00b2\/ h\u1ed9p, tr\u1ecdng l\u01b0\u1ee3ng 18 kg<img fetchpriority=\"high\" decoding=\"async\" class=\"alignnone size-full wp-image-1427\" src=\"https:\/\/imtile.com\/wp-content\/uploads\/2025\/10\/m11b04.jpeg\" alt=\"G\u1ea1ch th\u1ebb 100x100mm b\u00f3ng l\u01b0\u1ee3n m\u1eb7t m\u00e3 11B04\" width=\"1200\" height=\"1600\" srcset=\"https:\/\/imtile.com\/wp-content\/uploads\/2025\/10\/m11b04.jpeg 1200w, https:\/\/imtile.com\/wp-content\/uploads\/2025\/10\/m11b04-225x300.jpeg 225w, https:\/\/imtile.com\/wp-content\/uploads\/2025\/10\/m11b04-768x1024.jpeg 768w, https:\/\/imtile.com\/wp-content\/uploads\/2025\/10\/m11b04-1152x1536.jpeg 1152w, https:\/\/imtile.com\/wp-content\/uploads\/2025\/10\/m11b04-600x800.jpeg 600w\" sizes=\"(max-width: 1200px) 100vw, 1200px\" \/><\/li>\n<\/ul>\n<h3>M\u00f4 t\u1ea3 s\u1ea3n ph\u1ea9m<\/h3>\n<p>G\u1ea1ch th\u1ebb b\u00f3ng l\u01b0\u1ee3n m\u1eb7t m\u00e3 11B04 l\u00e0 s\u1ef1 k\u1ebft h\u1ee3p ho\u00e0n h\u1ea3o gi\u1eefa v\u1ebb \u0111\u1eb9p hi\u1ec7n \u0111\u1ea1i v\u00e0 \u0111\u1ed9 b\u1ec1n cao, ph\u00f9 h\u1ee3p cho nhi\u1ec1u kh\u00f4ng gian t\u1eeb ph\u00f2ng t\u1eafm, b\u1ebfp cho \u0111\u1ebfn khu v\u1ef1c chung. V\u1edbi k\u00edch th\u01b0\u1edbc nh\u1ecf 100x100mm, g\u1ea1ch th\u1ebb mang l\u1ea1i c\u1ea3m gi\u00e1c hi\u1ec7n \u0111\u1ea1i, t\u1ed1i gi\u1ea3n cho c\u00e1c thi\u1ebft k\u1ebf mosaic, t\u1ea1o \u0111i\u1ec3m nh\u1ea5n sang tr\u1ecdng v\u00e0 d\u1ec5 d\u00e0ng l\u1eafp \u0111\u1eb7t.<\/p>\n<ul>\n<li><strong>Thi\u1ebft k\u1ebf b\u00f3ng l\u01b0\u1ee3n m\u1eb7t:<\/strong>\u00a0L\u1edbp tr\u00e1ng b\u00f3ng mang l\u1ea1i hi\u1ec7u \u1ee9ng ph\u1ea3n chi\u1ebfu s\u00e1ng d\u1ecbu, gi\u00fap t\u0103ng \u0111\u1ed9 s\u00e1ng cho kh\u00f4ng gian nh\u1ecf v\u00e0 s\u00e1ng t\u1ea1o c\u00e1c hi\u1ec7u \u1ee9ng th\u1ecb gi\u00e1c \u0111\u1ed9c \u0111\u00e1o khi \u00e1nh s\u00e1ng chi\u1ebfu v\u00e0o.<\/li>\n<li><strong>Ch\u1ea5t li\u1ec7u Ceramic ch\u1ea5t l\u01b0\u1ee3ng:<\/strong>\u00a0\u0110\u1ed9 b\u1ec1n cao, kh\u00e1ng n\u01b0\u1edbc t\u1ed1t, d\u1ec5 v\u1ec7 sinh v\u00e0 b\u1ea3o d\u01b0\u1ee1ng.<\/li>\n<li><strong>K\u00edch th\u01b0\u1edbc ph\u00f9 h\u1ee3p cho mosaic:<\/strong>\u00a0L\u00fd t\u01b0\u1edfng cho c\u00e1c m\u1eabu mosaic tr\u00ean t\u01b0\u1eddng v\u00e0 s\u00e0n, d\u1ec5 gh\u00e9p v\u00e0 t\u1ea1o s\u1ef1 \u0111\u1ed3ng nh\u1ea5t cho c\u00f4ng tr\u00ecnh.<br \/>\n<img decoding=\"async\" class=\"alignnone size-full wp-image-1420\" src=\"https:\/\/imtile.com\/wp-content\/uploads\/2025\/10\/z7063891571397-8c89f1b86fbc88d062c79ca79f38ca0d.jpg\" alt=\"G\u1ea1ch th\u1ebb 100x100mm b\u00f3ng l\u01b0\u1ee3n m\u1eb7t\" width=\"750\" height=\"989\" srcset=\"https:\/\/imtile.com\/wp-content\/uploads\/2025\/10\/z7063891571397-8c89f1b86fbc88d062c79ca79f38ca0d.jpg 750w, https:\/\/imtile.com\/wp-content\/uploads\/2025\/10\/z7063891571397-8c89f1b86fbc88d062c79ca79f38ca0d-228x300.jpg 228w, https:\/\/imtile.com\/wp-content\/uploads\/2025\/10\/z7063891571397-8c89f1b86fbc88d062c79ca79f38ca0d-600x791.jpg 600w\" sizes=\"(max-width: 750px) 100vw, 750px\" \/><\/li>\n<\/ul>\n<h3>\u01afu \u0111i\u1ec3m n\u1ed5i b\u1eadt<\/h3>\n<ul>\n<li>D\u1ec5 d\u00e0ng thi c\u00f4ng v\u00e0 v\u1ec7 sinh<\/li>\n<li>\u0110\u1ed9 b\u1ec1n v\u00e0 ch\u1ecbu l\u1ef1c t\u1ed1t v\u1edbi b\u1ec1 m\u1eb7t b\u00f3ng m\u01b0\u1ee3t<\/li>\n<li>Thi\u1ebft k\u1ebf g\u1ecdn nh\u1eb9, cho ph\u00e9p s\u00e1ng t\u1ea1o nhi\u1ec1u m\u1eabu l\u00e1t kh\u00e1c nhau<\/li>\n<li>Quy c\u00e1ch \u0111\u00f3ng g\u00f3i ti\u1ec7n l\u1ee3i: 100 vi\u00ean\/h\u1ed9p cho vi\u1ec7c t\u00ednh to\u00e1n v\u00e0 v\u1eadn chuy\u1ec3n<\/li>\n<\/ul>\n<h3>\u1ee8ng d\u1ee5ng<\/h3>\n<ul>\n<li>Ph\u00f2ng t\u1eafm, khu v\u1ef1c v\u1ec7 sinh<\/li>\n<li>B\u1ebfp v\u00e0 countertops<\/li>\n<li>T\u01b0\u1eddng \u1ed1p n\u1ed9i th\u1ea5t v\u00e0 khu v\u1ef1c trang tr\u00ed<\/li>\n<li>C\u00e1c kh\u00f4ng gian th\u01b0\u01a1ng m\u1ea1i y\u00eau c\u1ea7u s\u1ef1 tinh t\u1ebf v\u00e0 hi\u1ec7n \u0111\u1ea1i<br \/>\n<img decoding=\"async\" class=\"alignnone size-full wp-image-1421\" src=\"https:\/\/imtile.com\/wp-content\/uploads\/2025\/10\/mfg407.jpg\" alt=\"G\u1ea1ch th\u1ebb 100x100mm b\u00f3ng l\u01b0\u1ee3n m\u1eb7t\" width=\"749\" height=\"838\" srcset=\"https:\/\/imtile.com\/wp-content\/uploads\/2025\/10\/mfg407.jpg 749w, https:\/\/imtile.com\/wp-content\/uploads\/2025\/10\/mfg407-268x300.jpg 268w, https:\/\/imtile.com\/wp-content\/uploads\/2025\/10\/mfg407-600x671.jpg 600w\" sizes=\"(max-width: 749px) 100vw, 749px\" \/><\/li>\n<\/ul>\n<h3>H\u01b0\u1edbng d\u1eabn l\u00e1t l\u00e1t v\u00e0 b\u1ea3o d\u01b0\u1ee1ng<\/h3>\n<ul>\n<li>Chu\u1ea9n b\u1ecb n\u1ec1n: \u0110\u1ea3m b\u1ea3o b\u1ec1 m\u1eb7t ph\u1eb3ng v\u00e0 s\u1ea1ch b\u1ee5i, d\u00f9ng keo d\u00e1n g\u1ea1ch ph\u00f9 h\u1ee3p v\u1edbi ceramic.<\/li>\n<li>L\u00e1t g\u1ea1ch: T\u1ed1i \u01b0u nh\u1ea5t v\u1edbi m\u1eabu mosaic ho\u1eb7c gh\u00e9p vu\u00f4ng 1\/2 \u0111\u1ec3 t\u1ea1o hi\u1ec7u \u1ee9ng \u0111\u1eb7c bi\u1ec7t.<\/li>\n<li>B\u1ea3o d\u01b0\u1ee1ng: D\u00f9ng kh\u0103n m\u1ec1m v\u00e0 dung d\u1ecbch t\u1ea9y r\u1eeda d\u1ecbu nh\u1eb9; tr\u00e1nh abo ch\u1ea5t t\u1ea9y m\u1ea1nh c\u00f3 th\u1ec3 l\u00e0m m\u1edd b\u1ec1 m\u1eb7t b\u00f3ng.<\/li>\n<\/ul>\n<h3>L\u01b0u \u00fd khi mua<\/h3>\n<ul>\n<li>K\u00edch th\u01b0\u1edbc g\u1ea1ch l\u00e0 100&#215;100 mm, ph\u00f9 h\u1ee3p v\u1edbi c\u00e1c thi\u1ebft k\u1ebf mosaic v\u00e0 \u1ed1p t\u01b0\u1eddng<\/li>\n<li>S\u1ea3n ph\u1ea9m c\u00f3 ngu\u1ed3n g\u1ed1c t\u1eeb Trung Qu\u1ed1c<\/li>\n<li>Quy c\u00e1ch \u0111\u00f3ng g\u00f3i: 100 vi\u00ean\/h\u1ed9p, 1 m\u00b2\/ h\u1ed9p, 18 kg<\/li>\n<\/ul>\n<p>\u0110\u1ecba ch\u1ec9 mua G\u1ea1ch th\u1ebb 100x100mm ch\u1ea5t l\u01b0\u1ee3ng, gi\u00e1 t\u1ed1t<\/p>\n<p><a href=\"https:\/\/imtile.com\/\">ImTile<\/a>\u00a0t\u1ef1 h\u00e0o l\u00e0 \u0111\u01a1n v\u1ecb cung c\u1ea5p v\u00e0 ph\u00e2n ph\u1ed1i g\u1ea1ch trang tr\u00ed &amp; g\u1ea1ch \u1ed1p l\u00e1t r\u1ed9ng kh\u1eafp c\u1ea3 n\u01b0\u1edbc.<br class=\"yoast-text-mark\" \/>V\u1edbi nhi\u1ec1u n\u0103m kinh nghi\u1ec7m, ch\u00fang t\u00f4i t\u1ef1 tin mang \u0111\u1ebfn cho b\u1ea1n nh\u1eefng d\u00f2ng s\u1ea3n ph\u1ea9m ch\u1ea5t l\u01b0\u1ee3ng v\u00e0 th\u1eddi th\u01b0\u1ee3ng nh\u1ea5t.<br class=\"yoast-text-mark\" \/>\u0110\u1ec3 \u0111\u01b0\u1ee3c t\u01b0 v\u1ea5n v\u00e0 \u0111\u1eb7t mua g\u1ea1ch trang tr\u00ed &amp; g\u1ea1ch \u1ed1p l\u00e1t gi\u00e1 t\u1ed1t nh\u1ea5t, qu\u00fd kh\u00e1ch h\u00e0ng, qu\u00fd \u0111\u1ed1i t\u00e1c vui l\u00f2ng li\u00ean h\u1ec7.<br \/>\nHotline:\u00a0<strong><a href=\"tel:0912336989\">0912336989<\/a><\/strong>\u00a0(Khu v\u1ef1c Mi\u1ec1n B\u1eafc)<br \/>\nho\u1eb7c\u00a0<strong><a href=\"tel:0971020333\">0971020333<\/a><\/strong>\u00a0(Khu v\u1ef1c Mi\u1ec1n Nam) \u0111\u1ec3 \u0111\u01b0\u1ee3c h\u1ed7 tr\u1ee3 nhanh ch\u00f3ng!<br \/>\n<strong>KHO HN: Ph\u01b0\u1eddng Ng\u1ecdc Th\u1ee5y, Qu\u1eadn Long Bi\u00ean, H\u00e0 N\u1ed9i \u00a0 \u00a0 \u00a0\u00a0\u00a0\u00a0\u00a0<\/strong><br \/>\n<strong>KHO HCM: 740 Qu\u1ed1c l\u1ed9 1A, Qu\u1eadn B\u00ecnh T\u00e2n, TP.HCM \u00a0\u00a0\u00a0<\/strong><\/p>\n","protected":false},"excerpt":{"rendered":"<p>Th\u00f4ng s\u1ed1 k\u1ef9 thu\u1eadt<\/p>\n<ul>\n<li><strong>K\u00edch th\u01b0\u1edbc:<\/strong>\u00a0100 x 100 mm<\/li>\n<li><strong>Ch\u1ea5t li\u1ec7u:<\/strong>\u00a0Ceramic<\/li>\n<li><strong>B\u1ec1 m\u1eb7t:<\/strong>\u00a0B\u00f3ng l\u01b0\u1ee3n m\u1eb7t<\/li>\n<li><strong>Xu\u1ea5t x\u1ee9:<\/strong>\u00a0Trung Qu\u1ed1c<\/li>\n<li><strong>Quy c\u00e1ch \u0111\u00f3ng g\u00f3i:<\/strong>\u00a0100 vi\u00ean\/h\u1ed9p, di\u1ec7n t\u00edch 1 m\u00b2\/ h\u1ed9p, tr\u1ecdng l\u01b0\u1ee3ng 18 kg<\/li>\n<\/ul>\n","protected":false},"featured_media":1427,"comment_status":"open","ping_status":"closed","template":"","meta":[],"product_brand":[],"product_cat":[23],"product_tag":[93,95,22,92,94,97,20,96],"class_list":{"0":"post-1426","1":"product","2":"type-product","3":"status-publish","4":"has-post-thumbnail","6":"product_cat-gach-the","7":"product_tag-gach-ceramic-100x100","8":"product_tag-gach-op-tuong-100x100","9":"product_tag-gach-the","10":"product_tag-gach-the-100x100-bong-luon-mat","11":"product_tag-gach-the-100x100-trung-quoc","12":"product_tag-gach-the-100x100mm","13":"product_tag-gach-trang-tri","14":"product_tag-gach-trang-tri-100x100mm","16":"first","17":"instock","18":"shipping-taxable","19":"purchasable","20":"product-type-simple"},"yoast_head":"<!-- This site is optimized with the Yoast SEO plugin v25.6 - https:\/\/yoast.com\/wordpress\/plugins\/seo\/ -->\n<title>G\u1ea1ch th\u1ebb 100x100mm b\u00f3ng l\u01b0\u1ee3n m\u1eb7t m\u00e3 11B04 - Imtile G\u1ea1ch Nh\u1eadp Kh\u1ea9u<\/title>\n<meta name=\"description\" content=\"G\u1ea1ch th\u1ebb 100x100mm b\u00f3ng l\u01b0\u1ee3n m\u1eb7t - Ceramic, m\u00e3 11B04. Xu\u1ea5t x\u1ee9 Trung Qu\u1ed1c. Quy c\u00e1ch 100 vi\u00ean\/h\u1ed9p (1 m\u00b2\/ h\u1ed9p, 18 kg). Ph\u00f9 h\u1ee3p \u1ed1p t\u01b0\u1eddng v\u00e0 s\u00e0n, d\u1ec5 thi c\u00f4ng v\u00e0 v\u1ec7 sinh.\" \/>\n<meta name=\"robots\" content=\"index, follow, max-snippet:-1, max-image-preview:large, max-video-preview:-1\" \/>\n<link rel=\"canonical\" href=\"https:\/\/imtile.com\/index.php\/san-pham\/gach-the-100x100mm-bong-luon-mat-ma-11b04\/\" \/>\n<meta property=\"og:locale\" content=\"vi_VN\" \/>\n<meta property=\"og:type\" content=\"article\" \/>\n<meta property=\"og:title\" content=\"G\u1ea1ch th\u1ebb 100x100mm b\u00f3ng l\u01b0\u1ee3n m\u1eb7t m\u00e3 11B04 - Imtile G\u1ea1ch Nh\u1eadp Kh\u1ea9u\" \/>\n<meta property=\"og:description\" content=\"G\u1ea1ch th\u1ebb 100x100mm b\u00f3ng l\u01b0\u1ee3n m\u1eb7t - Ceramic, m\u00e3 11B04. Xu\u1ea5t x\u1ee9 Trung Qu\u1ed1c. Quy c\u00e1ch 100 vi\u00ean\/h\u1ed9p (1 m\u00b2\/ h\u1ed9p, 18 kg). Ph\u00f9 h\u1ee3p \u1ed1p t\u01b0\u1eddng v\u00e0 s\u00e0n, d\u1ec5 thi c\u00f4ng v\u00e0 v\u1ec7 sinh.\" \/>\n<meta property=\"og:url\" content=\"https:\/\/imtile.com\/index.php\/san-pham\/gach-the-100x100mm-bong-luon-mat-ma-11b04\/\" \/>\n<meta property=\"og:site_name\" content=\"Imtile G\u1ea1ch Nh\u1eadp Kh\u1ea9u\" \/>\n<meta property=\"article:modified_time\" content=\"2025-10-18T08:23:59+00:00\" \/>\n<meta property=\"og:image\" content=\"https:\/\/imtile.com\/wp-content\/uploads\/2025\/10\/m11b04.jpeg\" \/>\n\t<meta property=\"og:image:width\" content=\"1200\" \/>\n\t<meta property=\"og:image:height\" content=\"1600\" \/>\n\t<meta property=\"og:image:type\" content=\"image\/jpeg\" \/>\n<meta name=\"twitter:card\" content=\"summary_large_image\" \/>\n<meta name=\"twitter:label1\" content=\"\u01af\u1edbc t\u00ednh th\u1eddi gian \u0111\u1ecdc\" \/>\n\t<meta name=\"twitter:data1\" content=\"4 ph\u00fat\" \/>\n<script type=\"application\/ld+json\" class=\"yoast-schema-graph\">{\"@context\":\"https:\/\/schema.org\",\"@graph\":[{\"@type\":\"WebPage\",\"@id\":\"https:\/\/imtile.com\/index.php\/san-pham\/gach-the-100x100mm-bong-luon-mat-ma-11b04\/\",\"url\":\"https:\/\/imtile.com\/index.php\/san-pham\/gach-the-100x100mm-bong-luon-mat-ma-11b04\/\",\"name\":\"G\u1ea1ch th\u1ebb 100x100mm b\u00f3ng l\u01b0\u1ee3n m\u1eb7t m\u00e3 11B04 - Imtile G\u1ea1ch Nh\u1eadp Kh\u1ea9u\",\"isPartOf\":{\"@id\":\"https:\/\/imtile.com\/#website\"},\"primaryImageOfPage\":{\"@id\":\"https:\/\/imtile.com\/index.php\/san-pham\/gach-the-100x100mm-bong-luon-mat-ma-11b04\/#primaryimage\"},\"image\":{\"@id\":\"https:\/\/imtile.com\/index.php\/san-pham\/gach-the-100x100mm-bong-luon-mat-ma-11b04\/#primaryimage\"},\"thumbnailUrl\":\"https:\/\/imtile.com\/wp-content\/uploads\/2025\/10\/m11b04.jpeg\",\"datePublished\":\"2025-10-18T08:16:57+00:00\",\"dateModified\":\"2025-10-18T08:23:59+00:00\",\"description\":\"G\u1ea1ch th\u1ebb 100x100mm b\u00f3ng l\u01b0\u1ee3n m\u1eb7t - Ceramic, m\u00e3 11B04. Xu\u1ea5t x\u1ee9 Trung Qu\u1ed1c. Quy c\u00e1ch 100 vi\u00ean\/h\u1ed9p (1 m\u00b2\/ h\u1ed9p, 18 kg). Ph\u00f9 h\u1ee3p \u1ed1p t\u01b0\u1eddng v\u00e0 s\u00e0n, d\u1ec5 thi c\u00f4ng v\u00e0 v\u1ec7 sinh.\",\"breadcrumb\":{\"@id\":\"https:\/\/imtile.com\/index.php\/san-pham\/gach-the-100x100mm-bong-luon-mat-ma-11b04\/#breadcrumb\"},\"inLanguage\":\"vi\",\"potentialAction\":[{\"@type\":\"ReadAction\",\"target\":[\"https:\/\/imtile.com\/index.php\/san-pham\/gach-the-100x100mm-bong-luon-mat-ma-11b04\/\"]}]},{\"@type\":\"ImageObject\",\"inLanguage\":\"vi\",\"@id\":\"https:\/\/imtile.com\/index.php\/san-pham\/gach-the-100x100mm-bong-luon-mat-ma-11b04\/#primaryimage\",\"url\":\"https:\/\/imtile.com\/wp-content\/uploads\/2025\/10\/m11b04.jpeg\",\"contentUrl\":\"https:\/\/imtile.com\/wp-content\/uploads\/2025\/10\/m11b04.jpeg\",\"width\":1200,\"height\":1600,\"caption\":\"G\u1ea1ch th\u1ebb 100x100mm b\u00f3ng l\u01b0\u1ee3n m\u1eb7t m\u00e3 11B04\"},{\"@type\":\"BreadcrumbList\",\"@id\":\"https:\/\/imtile.com\/index.php\/san-pham\/gach-the-100x100mm-bong-luon-mat-ma-11b04\/#breadcrumb\",\"itemListElement\":[{\"@type\":\"ListItem\",\"position\":1,\"name\":\"Trang ch\u1ee7\",\"item\":\"https:\/\/imtile.com\/\"},{\"@type\":\"ListItem\",\"position\":2,\"name\":\"C\u1eeda h\u00e0ng\",\"item\":\"https:\/\/imtile.com\/index.php\/cua-hang\/\"},{\"@type\":\"ListItem\",\"position\":3,\"name\":\"G\u1ea1ch th\u1ebb 100x100mm b\u00f3ng l\u01b0\u1ee3n m\u1eb7t m\u00e3 11B04\"}]},{\"@type\":\"WebSite\",\"@id\":\"https:\/\/imtile.com\/#website\",\"url\":\"https:\/\/imtile.com\/\",\"name\":\"Imtile G\u1ea1ch Nh\u1eadp Kh\u1ea9u\",\"description\":\"D\u1eaaN \u0110\u1ea6U XU H\u01af\u1edaNG G\u1ea0CH\",\"publisher\":{\"@id\":\"https:\/\/imtile.com\/#organization\"},\"potentialAction\":[{\"@type\":\"SearchAction\",\"target\":{\"@type\":\"EntryPoint\",\"urlTemplate\":\"https:\/\/imtile.com\/?s={search_term_string}\"},\"query-input\":{\"@type\":\"PropertyValueSpecification\",\"valueRequired\":true,\"valueName\":\"search_term_string\"}}],\"inLanguage\":\"vi\"},{\"@type\":\"Organization\",\"@id\":\"https:\/\/imtile.com\/#organization\",\"name\":\"Imtile G\u1ea1ch Nh\u1eadp Kh\u1ea9u\",\"url\":\"https:\/\/imtile.com\/\",\"logo\":{\"@type\":\"ImageObject\",\"inLanguage\":\"vi\",\"@id\":\"https:\/\/imtile.com\/#\/schema\/logo\/image\/\",\"url\":\"https:\/\/imtile.com\/wp-content\/uploads\/2025\/08\/cropped-z6871227294711_b67f846ad200e85f9c45efe3187db7f9-3-2.png\",\"contentUrl\":\"https:\/\/imtile.com\/wp-content\/uploads\/2025\/08\/cropped-z6871227294711_b67f846ad200e85f9c45efe3187db7f9-3-2.png\",\"width\":2061,\"height\":531,\"caption\":\"Imtile G\u1ea1ch Nh\u1eadp Kh\u1ea9u\"},\"image\":{\"@id\":\"https:\/\/imtile.com\/#\/schema\/logo\/image\/\"}}]}<\/script>\n<!-- \/ Yoast SEO plugin. -->","yoast_head_json":{"title":"G\u1ea1ch th\u1ebb 100x100mm b\u00f3ng l\u01b0\u1ee3n m\u1eb7t m\u00e3 11B04 - Imtile G\u1ea1ch Nh\u1eadp Kh\u1ea9u","description":"G\u1ea1ch th\u1ebb 100x100mm b\u00f3ng l\u01b0\u1ee3n m\u1eb7t - Ceramic, m\u00e3 11B04. Xu\u1ea5t x\u1ee9 Trung Qu\u1ed1c. Quy c\u00e1ch 100 vi\u00ean\/h\u1ed9p (1 m\u00b2\/ h\u1ed9p, 18 kg). Ph\u00f9 h\u1ee3p \u1ed1p t\u01b0\u1eddng v\u00e0 s\u00e0n, d\u1ec5 thi c\u00f4ng v\u00e0 v\u1ec7 sinh.","robots":{"index":"index","follow":"follow","max-snippet":"max-snippet:-1","max-image-preview":"max-image-preview:large","max-video-preview":"max-video-preview:-1"},"canonical":"https:\/\/imtile.com\/index.php\/san-pham\/gach-the-100x100mm-bong-luon-mat-ma-11b04\/","og_locale":"vi_VN","og_type":"article","og_title":"G\u1ea1ch th\u1ebb 100x100mm b\u00f3ng l\u01b0\u1ee3n m\u1eb7t m\u00e3 11B04 - Imtile G\u1ea1ch Nh\u1eadp Kh\u1ea9u","og_description":"G\u1ea1ch th\u1ebb 100x100mm b\u00f3ng l\u01b0\u1ee3n m\u1eb7t - Ceramic, m\u00e3 11B04. Xu\u1ea5t x\u1ee9 Trung Qu\u1ed1c. Quy c\u00e1ch 100 vi\u00ean\/h\u1ed9p (1 m\u00b2\/ h\u1ed9p, 18 kg). Ph\u00f9 h\u1ee3p \u1ed1p t\u01b0\u1eddng v\u00e0 s\u00e0n, d\u1ec5 thi c\u00f4ng v\u00e0 v\u1ec7 sinh.","og_url":"https:\/\/imtile.com\/index.php\/san-pham\/gach-the-100x100mm-bong-luon-mat-ma-11b04\/","og_site_name":"Imtile G\u1ea1ch Nh\u1eadp Kh\u1ea9u","article_modified_time":"2025-10-18T08:23:59+00:00","og_image":[{"width":1200,"height":1600,"url":"https:\/\/imtile.com\/wp-content\/uploads\/2025\/10\/m11b04.jpeg","type":"image\/jpeg"}],"twitter_card":"summary_large_image","twitter_misc":{"\u01af\u1edbc t\u00ednh th\u1eddi gian \u0111\u1ecdc":"4 ph\u00fat"},"schema":{"@context":"https:\/\/schema.org","@graph":[{"@type":"WebPage","@id":"https:\/\/imtile.com\/index.php\/san-pham\/gach-the-100x100mm-bong-luon-mat-ma-11b04\/","url":"https:\/\/imtile.com\/index.php\/san-pham\/gach-the-100x100mm-bong-luon-mat-ma-11b04\/","name":"G\u1ea1ch th\u1ebb 100x100mm b\u00f3ng l\u01b0\u1ee3n m\u1eb7t m\u00e3 11B04 - Imtile G\u1ea1ch Nh\u1eadp Kh\u1ea9u","isPartOf":{"@id":"https:\/\/imtile.com\/#website"},"primaryImageOfPage":{"@id":"https:\/\/imtile.com\/index.php\/san-pham\/gach-the-100x100mm-bong-luon-mat-ma-11b04\/#primaryimage"},"image":{"@id":"https:\/\/imtile.com\/index.php\/san-pham\/gach-the-100x100mm-bong-luon-mat-ma-11b04\/#primaryimage"},"thumbnailUrl":"https:\/\/imtile.com\/wp-content\/uploads\/2025\/10\/m11b04.jpeg","datePublished":"2025-10-18T08:16:57+00:00","dateModified":"2025-10-18T08:23:59+00:00","description":"G\u1ea1ch th\u1ebb 100x100mm b\u00f3ng l\u01b0\u1ee3n m\u1eb7t - Ceramic, m\u00e3 11B04. Xu\u1ea5t x\u1ee9 Trung Qu\u1ed1c. Quy c\u00e1ch 100 vi\u00ean\/h\u1ed9p (1 m\u00b2\/ h\u1ed9p, 18 kg). Ph\u00f9 h\u1ee3p \u1ed1p t\u01b0\u1eddng v\u00e0 s\u00e0n, d\u1ec5 thi c\u00f4ng v\u00e0 v\u1ec7 sinh.","breadcrumb":{"@id":"https:\/\/imtile.com\/index.php\/san-pham\/gach-the-100x100mm-bong-luon-mat-ma-11b04\/#breadcrumb"},"inLanguage":"vi","potentialAction":[{"@type":"ReadAction","target":["https:\/\/imtile.com\/index.php\/san-pham\/gach-the-100x100mm-bong-luon-mat-ma-11b04\/"]}]},{"@type":"ImageObject","inLanguage":"vi","@id":"https:\/\/imtile.com\/index.php\/san-pham\/gach-the-100x100mm-bong-luon-mat-ma-11b04\/#primaryimage","url":"https:\/\/imtile.com\/wp-content\/uploads\/2025\/10\/m11b04.jpeg","contentUrl":"https:\/\/imtile.com\/wp-content\/uploads\/2025\/10\/m11b04.jpeg","width":1200,"height":1600,"caption":"G\u1ea1ch th\u1ebb 100x100mm b\u00f3ng l\u01b0\u1ee3n m\u1eb7t m\u00e3 11B04"},{"@type":"BreadcrumbList","@id":"https:\/\/imtile.com\/index.php\/san-pham\/gach-the-100x100mm-bong-luon-mat-ma-11b04\/#breadcrumb","itemListElement":[{"@type":"ListItem","position":1,"name":"Trang ch\u1ee7","item":"https:\/\/imtile.com\/"},{"@type":"ListItem","position":2,"name":"C\u1eeda h\u00e0ng","item":"https:\/\/imtile.com\/index.php\/cua-hang\/"},{"@type":"ListItem","position":3,"name":"G\u1ea1ch th\u1ebb 100x100mm b\u00f3ng l\u01b0\u1ee3n m\u1eb7t m\u00e3 11B04"}]},{"@type":"WebSite","@id":"https:\/\/imtile.com\/#website","url":"https:\/\/imtile.com\/","name":"Imtile G\u1ea1ch Nh\u1eadp Kh\u1ea9u","description":"D\u1eaaN \u0110\u1ea6U XU H\u01af\u1edaNG G\u1ea0CH","publisher":{"@id":"https:\/\/imtile.com\/#organization"},"potentialAction":[{"@type":"SearchAction","target":{"@type":"EntryPoint","urlTemplate":"https:\/\/imtile.com\/?s={search_term_string}"},"query-input":{"@type":"PropertyValueSpecification","valueRequired":true,"valueName":"search_term_string"}}],"inLanguage":"vi"},{"@type":"Organization","@id":"https:\/\/imtile.com\/#organization","name":"Imtile G\u1ea1ch Nh\u1eadp Kh\u1ea9u","url":"https:\/\/imtile.com\/","logo":{"@type":"ImageObject","inLanguage":"vi","@id":"https:\/\/imtile.com\/#\/schema\/logo\/image\/","url":"https:\/\/imtile.com\/wp-content\/uploads\/2025\/08\/cropped-z6871227294711_b67f846ad200e85f9c45efe3187db7f9-3-2.png","contentUrl":"https:\/\/imtile.com\/wp-content\/uploads\/2025\/08\/cropped-z6871227294711_b67f846ad200e85f9c45efe3187db7f9-3-2.png","width":2061,"height":531,"caption":"Imtile G\u1ea1ch Nh\u1eadp Kh\u1ea9u"},"image":{"@id":"https:\/\/imtile.com\/#\/schema\/logo\/image\/"}}]}},"jetpack_sharing_enabled":true,"_links":{"self":[{"href":"https:\/\/imtile.com\/index.php\/wp-json\/wp\/v2\/product\/1426","targetHints":{"allow":["GET"]}}],"collection":[{"href":"https:\/\/imtile.com\/index.php\/wp-json\/wp\/v2\/product"}],"about":[{"href":"https:\/\/imtile.com\/index.php\/wp-json\/wp\/v2\/types\/product"}],"replies":[{"embeddable":true,"href":"https:\/\/imtile.com\/index.php\/wp-json\/wp\/v2\/comments?post=1426"}],"wp:featuredmedia":[{"embeddable":true,"href":"https:\/\/imtile.com\/index.php\/wp-json\/wp\/v2\/media\/1427"}],"wp:attachment":[{"href":"https:\/\/imtile.com\/index.php\/wp-json\/wp\/v2\/media?parent=1426"}],"wp:term":[{"taxonomy":"product_brand","embeddable":true,"href":"https:\/\/imtile.com\/index.php\/wp-json\/wp\/v2\/product_brand?post=1426"},{"taxonomy":"product_cat","embeddable":true,"href":"https:\/\/imtile.com\/index.php\/wp-json\/wp\/v2\/product_cat?post=1426"},{"taxonomy":"product_tag","embeddable":true,"href":"https:\/\/imtile.com\/index.php\/wp-json\/wp\/v2\/product_tag?post=1426"}],"curies":[{"name":"wp","href":"https:\/\/api.w.org\/{rel}","templated":true}]}}