{"id":1295,"date":"2025-08-19T09:41:36","date_gmt":"2025-08-19T09:41:36","guid":{"rendered":"https:\/\/imtile.com\/?post_type=product&#038;p=1295"},"modified":"2025-08-19T09:44:57","modified_gmt":"2025-08-19T09:44:57","slug":"gach-op-tuong-gia-the-30x60cm-men-bong-ma-nhc816-sao-chep","status":"publish","type":"product","link":"https:\/\/imtile.com\/index.php\/san-pham\/gach-op-tuong-gia-the-30x60cm-men-bong-ma-nhc816-sao-chep\/","title":{"rendered":"G\u1ea1ch \u1ed1p t\u01b0\u1eddng gi\u1ea3 th\u1ebb 30x60cm men b\u00f3ng m\u00e3 NHC804"},"content":{"rendered":"<h2><strong>M\u00f4 t\u1ea3 s\u1ea3n ph\u1ea9m<\/strong><\/h2>\n<p>G\u1ea1ch \u1ed1p t\u01b0\u1eddng gi\u1ea3 th\u1ebb ceramic b\u00f3ng NHC804 mang l\u1ea1i v\u1ebb \u0111\u1eb9p hi\u1ec7n \u0111\u1ea1i v\u1edbi b\u1ec1 m\u1eb7t b\u00f3ng d\u1ec5 lau ch\u00f9i v\u00e0 c\u1ea3m gi\u00e1c sang tr\u1ecdng cho m\u1ecdi kh\u00f4ng gian. S\u1ea3n ph\u1ea9m \u0111\u01b0\u1ee3c s\u1ea3n xu\u1ea5t t\u1eeb ceramic ch\u1ea5t l\u01b0\u1ee3ng, \u0111\u1ea3m b\u1ea3o \u0111\u1ed9 b\u1ec1n v\u00e0 kh\u00e1ng khu\u1ea9n, ph\u00f9 h\u1ee3p cho \u1ed1p t\u01b0\u1eddng ph\u00f2ng kh\u00e1ch, ph\u00f2ng b\u1ebfp, l\u00e1t s\u1ea3nh v\u00e0 khu v\u1ef1c th\u01b0\u01a1ng m\u1ea1i c\u00f3 l\u01b0u l\u01b0\u1ee3ng ng\u01b0\u1eddi qua l\u1ea1i.<\/p>\n<ul>\n<li><strong>Thi\u1ebft k\u1ebf hi\u1ec7n \u0111\u1ea1i:<\/strong>\u00a0G\u1ea1ch gi\u1ea3 th\u1ebb, quy c\u00e1ch 30&#215;60 cm, d\u1ec5 ph\u1ed1i m\u00e0u v\u00e0 t\u1ea1o \u0111i\u1ec3m nh\u1ea5n cho t\u01b0\u1eddng.<\/li>\n<li><strong>C\u1ea3m nh\u1eadn cao c\u1ea5p:<\/strong>\u00a0B\u1ec1 m\u1eb7t men b\u00f3ng ph\u1ea3n chi\u1ebfu \u00e1nh s\u00e1ng, l\u00e0m t\u0103ng v\u1ebb s\u00e1ng s\u1ee7a cho kh\u00f4ng gian.<\/li>\n<li><strong>\u0110\u1ed9 b\u1ec1n v\u00e0 v\u1ec7 sinh:<\/strong>\u00a0Ceramic c\u00f3 \u0111\u1ed9 c\u1ee9ng cao, ch\u1ecbu \u0111\u01b0\u1ee3c va \u0111\u1eadp v\u00e0 d\u1ec5 v\u1ec7 sinh, ph\u00f9 h\u1ee3p v\u1edbi khu v\u1ef1c ti\u1ebfp x\u00fac nhi\u1ec1u.<\/li>\n<li><strong>K\u00edch th\u01b0\u1edbc v\u00e0 quy c\u00e1ch h\u1ee3p l\u00fd:<\/strong>\u00a08 vi\u00ean\/h\u1ed9p, 1,44 m\u00b2\/h\u1ed9p, t\u1ed1i \u01b0u cho t\u00ednh to\u00e1n di\u1ec7n t\u00edch v\u00e0 chi ph\u00ed v\u1eadn chuy\u1ec3n.<\/li>\n<\/ul>\n<hr \/>\n<h2><strong><img fetchpriority=\"high\" decoding=\"async\" class=\"alignnone size-full wp-image-1297\" src=\"https:\/\/imtile.com\/wp-content\/uploads\/2025\/08\/nhc804.png\" alt=\"G\u1ea1ch \u1ed1p t\u01b0\u1eddng gi\u1ea3 th\u1ebb 30x60cm b\u00f3ng NHC804\" width=\"900\" height=\"900\" srcset=\"https:\/\/imtile.com\/wp-content\/uploads\/2025\/08\/nhc804.png 900w, https:\/\/imtile.com\/wp-content\/uploads\/2025\/08\/nhc804-300x300.png 300w, https:\/\/imtile.com\/wp-content\/uploads\/2025\/08\/nhc804-150x150.png 150w, https:\/\/imtile.com\/wp-content\/uploads\/2025\/08\/nhc804-768x768.png 768w, https:\/\/imtile.com\/wp-content\/uploads\/2025\/08\/nhc804-100x100.png 100w, https:\/\/imtile.com\/wp-content\/uploads\/2025\/08\/nhc804-600x600.png 600w\" sizes=\"(max-width: 900px) 100vw, 900px\" \/>\u1ee8ng d\u1ee5ng v\u00e0 c\u00f4ng d\u1ee5ng<\/strong><\/h2>\n<ul>\n<li>\u1ed0p t\u01b0\u1eddng ph\u00f2ng kh\u00e1ch, ph\u00f2ng ng\u1ee7, khu v\u1ef1c ti\u1ebfp kh\u00e1ch<\/li>\n<li>\u1ed0p t\u01b0\u1eddng b\u1ebfp v\u00e0 qu\u1ea7y bar, khu v\u1ef1c ph\u1ee5c v\u1ee5 \u0103n u\u1ed1ng<\/li>\n<li>\u1ed0p l\u00e1t khu v\u1ef1c th\u01b0\u01a1ng m\u1ea1i: showroom, shop, qu\u1ea7y l\u1ec5 t\u00e2n<\/li>\n<li>T\u1ea1o \u0111i\u1ec3m nh\u1ea5n hi\u1ec7n \u0111\u1ea1i cho c\u00e1c kh\u00f4ng gian t\u1ed1i gi\u1ea3n ho\u1eb7c c\u00f4ng nghi\u1ec7p<\/li>\n<\/ul>\n<hr \/>\n<h2><strong>\u01afu \u0111i\u1ec3m n\u1ed5i b\u1eadt<\/strong><\/h2>\n<ul>\n<li>Ch\u1ea5t li\u1ec7u ceramic b\u1ec1n b\u1ec9, \u00edt tr\u1ea7y x\u01b0\u1edbc, d\u1ec5 v\u1ec7 sinh<\/li>\n<li>B\u1ec1 m\u1eb7t b\u00f3ng ph\u1eb3ng t\u0103ng t\u00ednh th\u1ea9m m\u1ef9 v\u00e0 ph\u1ea3n chi\u1ebfu \u00e1nh s\u00e1ng<\/li>\n<li>K\u00edch th\u01b0\u1edbc 30&#215;60 cm ti\u1ec7n l\u1ee3i cho thi c\u00f4ng nhanh v\u00e0 t\u1ea1o b\u1ed1 c\u1ee5c \u0111\u1eb9p<\/li>\n<li>Quy c\u00e1ch h\u1ed9p t\u1ed1i \u01b0u cho t\u00ednh to\u00e1n di\u1ec7n t\u00edch v\u00e0 chi ph\u00ed<\/li>\n<\/ul>\n<hr \/>\n<h2><strong>Th\u00f4ng s\u1ed1 k\u1ef9 thu\u1eadt<\/strong><\/h2>\n<ul>\n<li><strong>K\u00edch th\u01b0\u1edbc vi\u00ean:<\/strong>\u00a0300\u00d7600 mm (30\u00d760 cm)<\/li>\n<li><strong>Ch\u1ea5t li\u1ec7u:<\/strong>\u00a0Ceramic<\/li>\n<li><strong>B\u1ec1 m\u1eb7t:<\/strong>\u00a0B\u00f3ng ph\u1eb3ng<\/li>\n<li><strong>Xu\u1ea5t x\u1ee9:<\/strong>\u00a0Trung Qu\u1ed1c<\/li>\n<li><strong>Quy c\u00e1ch \u0111\u00f3ng g\u00f3i:<\/strong>\u00a08 vi\u00ean\/h\u1ed9p<\/li>\n<li><strong>Di\u1ec7n t\u00edch 1 h\u1ed9p:<\/strong>\u00a01,44 m\u00b2<\/li>\n<li><strong>Tr\u1ecdng l\u01b0\u1ee3ng 1 h\u1ed9p:<\/strong>\u00a025 kg<\/li>\n<li><strong>M\u00e3 s\u1ea3n ph\u1ea9m:<\/strong> NHC804<\/li>\n<\/ul>\n<hr \/>\n<h2><strong>H\u01b0\u1edbng d\u1eabn thi c\u00f4ng v\u00e0 l\u01b0u \u00fd<\/strong><\/h2>\n<ul>\n<li>Chu\u1ea9n b\u1ecb b\u1ec1 m\u1eb7t t\u01b0\u1eddng b\u1eb1ng c\u00e1ch l\u00e0m ph\u1eb3ng, l\u00e0m s\u1ea1ch b\u1ee5i v\u00e0 d\u1ea7u m\u1ee1.<\/li>\n<li>S\u1eed d\u1ee5ng keo d\u00e1n g\u1ea1ch ph\u00f9 h\u1ee3p v\u1edbi ceramic v\u00e0 tu\u00e2n th\u1ee7 th\u1eddi gian m\u1edf keo d\u00ednh.<\/li>\n<li>L\u1ef1a ch\u1ecdn khe ron \u0111\u1ed3ng b\u1ed9 \u0111\u1ec3 t\u0103ng t\u00ednh th\u1ea9m m\u1ef9 v\u00e0 ch\u1ed1ng \u1ea9m m\u1ed1c.<\/li>\n<li>Sau thi c\u00f4ng, tr\u1ed9n keo ch\u1ed1ng th\u1ea5m n\u1ebfu khu v\u1ef1c \u1ea9m \u01b0\u1edbt ho\u1eb7c d\u1ec5 ti\u1ebfp x\u00fac v\u1edbi n\u01b0\u1edbc.<\/li>\n<li>B\u1ea3o qu\u1ea3n g\u1ea1ch \u1edf n\u01a1i kh\u00f4 r\u00e1o, tr\u00e1nh \u00e1nh n\u1eafng tr\u1ef1c ti\u1ebfp v\u00e0 nhi\u1ec7t \u0111\u1ed9 cao.<\/li>\n<\/ul>\n<hr \/>\n<h2><strong>Ch\u00ednh s\u00e1ch b\u00e1n h\u00e0ng v\u00e0 ch\u0103m s\u00f3c kh\u00e1ch h\u00e0ng<\/strong><\/h2>\n<ul>\n<li>Giao h\u00e0ng nhanh ch\u00f3ng, \u0111\u00f3ng ki\u1ec7n ch\u1eafc ch\u1eafn.<\/li>\n<li>B\u1ea3o h\u00e0nh ch\u1ea5t l\u01b0\u1ee3ng theo ch\u00ednh s\u00e1ch c\u1ee7a h\u00e3ng v\u00e0 nh\u00e0 ph\u00e2n ph\u1ed1i.<\/li>\n<li>\u0110\u1ed9i ng\u0169 t\u01b0 v\u1ea5n vi\u00ean s\u1eb5n s\u00e0ng h\u1ed7 tr\u1ee3 l\u1ef1a ch\u1ecdn m\u1eabu v\u00e0 t\u00ednh to\u00e1n di\u1ec7n t\u00edch.<\/li>\n<\/ul>\n<h2><strong>\u0110\u1ecba ch\u1ec9 mua g\u1ea1ch th\u1ebb Porcelain 60x250mm ch\u1ea5t l\u01b0\u1ee3ng, gi\u00e1 t\u1ed1t<\/strong><\/h2>\n<p><a href=\"https:\/\/imtile.com\/\">ImTile<\/a>\u00a0t\u1ef1 h\u00e0o l\u00e0 \u0111\u01a1n v\u1ecb cung c\u1ea5p v\u00e0 ph\u00e2n ph\u1ed1i g\u1ea1ch trang tr\u00ed &amp; g\u1ea1ch \u1ed1p l\u00e1t r\u1ed9ng kh\u1eafp c\u1ea3 n\u01b0\u1edbc.<br class=\"yoast-text-mark\" \/>V\u1edbi nhi\u1ec1u n\u0103m kinh nghi\u1ec7m, ch\u00fang t\u00f4i t\u1ef1 tin mang \u0111\u1ebfn cho b\u1ea1n nh\u1eefng d\u00f2ng s\u1ea3n ph\u1ea9m ch\u1ea5t l\u01b0\u1ee3ng v\u00e0 th\u1eddi th\u01b0\u1ee3ng nh\u1ea5t.<br class=\"yoast-text-mark\" \/>\u0110\u1ec3 \u0111\u01b0\u1ee3c t\u01b0 v\u1ea5n v\u00e0 \u0111\u1eb7t mua g\u1ea1ch trang tr\u00ed &amp; g\u1ea1ch \u1ed1p l\u00e1t gi\u00e1 t\u1ed1t nh\u1ea5t, qu\u00fd kh\u00e1ch h\u00e0ng, qu\u00fd \u0111\u1ed1i t\u00e1c vui l\u00f2ng li\u00ean h\u1ec7.<br \/>\nHotline:\u00a0<strong><a href=\"tel:0912336989\">0912336989<\/a><\/strong>\u00a0(Khu v\u1ef1c Mi\u1ec1n B\u1eafc)<br \/>\nho\u1eb7c\u00a0<strong><a href=\"tel:0971020333\">0971020333<\/a><\/strong>\u00a0(Khu v\u1ef1c Mi\u1ec1n Nam) \u0111\u1ec3 \u0111\u01b0\u1ee3c h\u1ed7 tr\u1ee3 nhanh ch\u00f3ng!<br \/>\n<strong>KHO HN: Ph\u01b0\u1eddng Ng\u1ecdc Th\u1ee5y, Qu\u1eadn Long Bi\u00ean, H\u00e0 N\u1ed9i \u00a0 \u00a0 \u00a0\u00a0\u00a0\u00a0\u00a0<\/strong><br \/>\n<strong>KHO HCM: 740 Qu\u1ed1c l\u1ed9 1A, Qu\u1eadn B\u00ecnh T\u00e2n, TP.HCM \u00a0\u00a0\u00a0<\/strong><\/p>\n","protected":false},"excerpt":{"rendered":"<ul>\n<li>B\u1ea1n \u0111ang t\u00ecm gi\u1ea3i ph\u00e1p \u1ed1p t\u01b0\u1eddng b\u00f3ng v\u00e0 hi\u1ec7n \u0111\u1ea1i cho kh\u00f4ng gian? Ch\u1ecdn g\u1ea1ch gi\u1ea3 th\u1ebb ceramic NHC804 \u0111\u1ec3 \u0111\u01b0\u1ee3c tr\u1ea3i nghi\u1ec7m v\u1ebb \u0111\u1eb9p sang tr\u1ecdng v\u00e0 \u0111\u1ed9 b\u1ec1n t\u1ed1i \u01b0u.<\/li>\n<li>\u0110\u1eb7t h\u00e0ng ngay \u0111\u1ec3 \u0111\u01b0\u1ee3c t\u01b0 v\u1ea5n ch\u1ecdn \u0111\u00fang m\u1eabu v\u00e0 nh\u1eadn \u01b0u \u0111\u00e3i v\u1eadn chuy\u1ec3n.<\/li>\n<li>Hotline:\u00a0<strong><a href=\"tel:0912336989\">0912336989<\/a><\/strong>\u00a0(Khu v\u1ef1c Mi\u1ec1n B\u1eafc)<br \/>\nho\u1eb7c\u00a0<strong><a href=\"tel:0971020333\">0971020333<\/a><\/strong>\u00a0(Khu v\u1ef1c Mi\u1ec1n Nam) \u0111\u1ec3 \u0111\u01b0\u1ee3c h\u1ed7 tr\u1ee3 nhanh ch\u00f3ng!<br \/>\n<strong>KHO HN: Ph\u01b0\u1eddng Ng\u1ecdc Th\u1ee5y, Qu\u1eadn Long Bi\u00ean, H\u00e0 N\u1ed9i \u00a0 \u00a0 \u00a0\u00a0\u00a0\u00a0\u00a0<\/strong><br \/>\n<strong>KHO HCM: 740 Qu\u1ed1c l\u1ed9 1A, Qu\u1eadn B\u00ecnh T\u00e2n, TP.HCM \u00a0\u00a0\u00a0<\/strong><\/li>\n<\/ul>\n","protected":false},"featured_media":1296,"comment_status":"open","ping_status":"closed","template":"","meta":[],"product_brand":[],"product_cat":[27],"product_tag":[60,89,88,83,87,84,86,85,52,61,20],"class_list":{"0":"post-1295","1":"product","2":"type-product","3":"status-publish","4":"has-post-thumbnail","6":"product_cat-gach-op-tuong","7":"product_tag-gach-ceramic-bong","8":"product_tag-gach-gia-the","9":"product_tag-gach-gia-the-30x60","10":"product_tag-gach-op-tuong-75x230","11":"product_tag-gach-op-tuong-ceramic","12":"product_tag-gach-porcelain-mo","13":"product_tag-gach-the-60x250","14":"product_tag-gach-the-75x230","15":"product_tag-gach-the-75x300mm","16":"product_tag-gach-the-porcelain","17":"product_tag-gach-trang-tri","19":"first","20":"instock","21":"shipping-taxable","22":"purchasable","23":"product-type-simple"},"yoast_head":"<!-- This site is optimized with the Yoast SEO plugin v25.6 - https:\/\/yoast.com\/wordpress\/plugins\/seo\/ -->\n<title>G\u1ea1ch \u1ed1p t\u01b0\u1eddng gi\u1ea3 th\u1ebb 30x60cm men b\u00f3ng m\u00e3 NHC804 - Imtile G\u1ea1ch Nh\u1eadp Kh\u1ea9u<\/title>\n<meta name=\"description\" content=\"h\u00e1m ph\u00e1 G\u1ea1ch \u1ed1p t\u01b0\u1eddng gi\u1ea3 th\u1ebb ceramic b\u00f3ng 30x60 cm. 8 vi\u00ean\/h\u1ed9p, 1,44 m\u00b2\/h\u1ed9p, tr\u1ecdng l\u01b0\u1ee3ng 25 kg\/h\u1ed9p. Ch\u1ea5t li\u1ec7u ceramic b\u1ec1n \u0111\u1eb9p cho kh\u00f4ng gian hi\u1ec7n \u0111\u1ea1i. Mua ngay!\" \/>\n<meta name=\"robots\" content=\"index, follow, max-snippet:-1, max-image-preview:large, max-video-preview:-1\" \/>\n<link rel=\"canonical\" href=\"https:\/\/imtile.com\/index.php\/san-pham\/gach-op-tuong-gia-the-30x60cm-men-bong-ma-nhc816-sao-chep\/\" \/>\n<meta property=\"og:locale\" content=\"vi_VN\" \/>\n<meta property=\"og:type\" content=\"article\" \/>\n<meta property=\"og:title\" content=\"G\u1ea1ch \u1ed1p t\u01b0\u1eddng gi\u1ea3 th\u1ebb 30x60cm men b\u00f3ng m\u00e3 NHC804 - Imtile G\u1ea1ch Nh\u1eadp Kh\u1ea9u\" \/>\n<meta property=\"og:description\" content=\"h\u00e1m ph\u00e1 G\u1ea1ch \u1ed1p t\u01b0\u1eddng gi\u1ea3 th\u1ebb ceramic b\u00f3ng 30x60 cm. 8 vi\u00ean\/h\u1ed9p, 1,44 m\u00b2\/h\u1ed9p, tr\u1ecdng l\u01b0\u1ee3ng 25 kg\/h\u1ed9p. Ch\u1ea5t li\u1ec7u ceramic b\u1ec1n \u0111\u1eb9p cho kh\u00f4ng gian hi\u1ec7n \u0111\u1ea1i. Mua ngay!\" \/>\n<meta property=\"og:url\" content=\"https:\/\/imtile.com\/index.php\/san-pham\/gach-op-tuong-gia-the-30x60cm-men-bong-ma-nhc816-sao-chep\/\" \/>\n<meta property=\"og:site_name\" content=\"Imtile G\u1ea1ch Nh\u1eadp Kh\u1ea9u\" \/>\n<meta property=\"article:modified_time\" content=\"2025-08-19T09:44:57+00:00\" \/>\n<meta property=\"og:image\" content=\"https:\/\/imtile.com\/wp-content\/uploads\/2025\/08\/nhc804-1.jpg\" \/>\n\t<meta property=\"og:image:width\" content=\"1840\" \/>\n\t<meta property=\"og:image:height\" content=\"934\" \/>\n\t<meta property=\"og:image:type\" content=\"image\/jpeg\" \/>\n<meta name=\"twitter:card\" content=\"summary_large_image\" \/>\n<meta name=\"twitter:label1\" content=\"\u01af\u1edbc t\u00ednh th\u1eddi gian \u0111\u1ecdc\" \/>\n\t<meta name=\"twitter:data1\" content=\"4 ph\u00fat\" \/>\n<script type=\"application\/ld+json\" class=\"yoast-schema-graph\">{\"@context\":\"https:\/\/schema.org\",\"@graph\":[{\"@type\":\"WebPage\",\"@id\":\"https:\/\/imtile.com\/index.php\/san-pham\/gach-op-tuong-gia-the-30x60cm-men-bong-ma-nhc816-sao-chep\/\",\"url\":\"https:\/\/imtile.com\/index.php\/san-pham\/gach-op-tuong-gia-the-30x60cm-men-bong-ma-nhc816-sao-chep\/\",\"name\":\"G\u1ea1ch \u1ed1p t\u01b0\u1eddng gi\u1ea3 th\u1ebb 30x60cm men b\u00f3ng m\u00e3 NHC804 - Imtile G\u1ea1ch Nh\u1eadp Kh\u1ea9u\",\"isPartOf\":{\"@id\":\"https:\/\/imtile.com\/#website\"},\"primaryImageOfPage\":{\"@id\":\"https:\/\/imtile.com\/index.php\/san-pham\/gach-op-tuong-gia-the-30x60cm-men-bong-ma-nhc816-sao-chep\/#primaryimage\"},\"image\":{\"@id\":\"https:\/\/imtile.com\/index.php\/san-pham\/gach-op-tuong-gia-the-30x60cm-men-bong-ma-nhc816-sao-chep\/#primaryimage\"},\"thumbnailUrl\":\"https:\/\/imtile.com\/wp-content\/uploads\/2025\/08\/nhc804-1.jpg\",\"datePublished\":\"2025-08-19T09:41:36+00:00\",\"dateModified\":\"2025-08-19T09:44:57+00:00\",\"description\":\"h\u00e1m ph\u00e1 G\u1ea1ch \u1ed1p t\u01b0\u1eddng gi\u1ea3 th\u1ebb ceramic b\u00f3ng 30x60 cm. 8 vi\u00ean\/h\u1ed9p, 1,44 m\u00b2\/h\u1ed9p, tr\u1ecdng l\u01b0\u1ee3ng 25 kg\/h\u1ed9p. Ch\u1ea5t li\u1ec7u ceramic b\u1ec1n \u0111\u1eb9p cho kh\u00f4ng gian hi\u1ec7n \u0111\u1ea1i. Mua ngay!\",\"breadcrumb\":{\"@id\":\"https:\/\/imtile.com\/index.php\/san-pham\/gach-op-tuong-gia-the-30x60cm-men-bong-ma-nhc816-sao-chep\/#breadcrumb\"},\"inLanguage\":\"vi\",\"potentialAction\":[{\"@type\":\"ReadAction\",\"target\":[\"https:\/\/imtile.com\/index.php\/san-pham\/gach-op-tuong-gia-the-30x60cm-men-bong-ma-nhc816-sao-chep\/\"]}]},{\"@type\":\"ImageObject\",\"inLanguage\":\"vi\",\"@id\":\"https:\/\/imtile.com\/index.php\/san-pham\/gach-op-tuong-gia-the-30x60cm-men-bong-ma-nhc816-sao-chep\/#primaryimage\",\"url\":\"https:\/\/imtile.com\/wp-content\/uploads\/2025\/08\/nhc804-1.jpg\",\"contentUrl\":\"https:\/\/imtile.com\/wp-content\/uploads\/2025\/08\/nhc804-1.jpg\",\"width\":1840,\"height\":934,\"caption\":\"G\u1ea1ch \u1ed1p t\u01b0\u1eddng gi\u1ea3 th\u1ebb 30x60cm b\u00f3ng NHC804\"},{\"@type\":\"BreadcrumbList\",\"@id\":\"https:\/\/imtile.com\/index.php\/san-pham\/gach-op-tuong-gia-the-30x60cm-men-bong-ma-nhc816-sao-chep\/#breadcrumb\",\"itemListElement\":[{\"@type\":\"ListItem\",\"position\":1,\"name\":\"Trang ch\u1ee7\",\"item\":\"https:\/\/imtile.com\/\"},{\"@type\":\"ListItem\",\"position\":2,\"name\":\"C\u1eeda h\u00e0ng\",\"item\":\"https:\/\/imtile.com\/index.php\/cua-hang\/\"},{\"@type\":\"ListItem\",\"position\":3,\"name\":\"G\u1ea1ch \u1ed1p t\u01b0\u1eddng gi\u1ea3 th\u1ebb 30x60cm men b\u00f3ng m\u00e3 NHC804\"}]},{\"@type\":\"WebSite\",\"@id\":\"https:\/\/imtile.com\/#website\",\"url\":\"https:\/\/imtile.com\/\",\"name\":\"Imtile G\u1ea1ch Nh\u1eadp Kh\u1ea9u\",\"description\":\"D\u1eaaN \u0110\u1ea6U XU H\u01af\u1edaNG G\u1ea0CH\",\"publisher\":{\"@id\":\"https:\/\/imtile.com\/#organization\"},\"potentialAction\":[{\"@type\":\"SearchAction\",\"target\":{\"@type\":\"EntryPoint\",\"urlTemplate\":\"https:\/\/imtile.com\/?s={search_term_string}\"},\"query-input\":{\"@type\":\"PropertyValueSpecification\",\"valueRequired\":true,\"valueName\":\"search_term_string\"}}],\"inLanguage\":\"vi\"},{\"@type\":\"Organization\",\"@id\":\"https:\/\/imtile.com\/#organization\",\"name\":\"Imtile G\u1ea1ch Nh\u1eadp Kh\u1ea9u\",\"url\":\"https:\/\/imtile.com\/\",\"logo\":{\"@type\":\"ImageObject\",\"inLanguage\":\"vi\",\"@id\":\"https:\/\/imtile.com\/#\/schema\/logo\/image\/\",\"url\":\"https:\/\/imtile.com\/wp-content\/uploads\/2025\/08\/cropped-z6871227294711_b67f846ad200e85f9c45efe3187db7f9-3-2.png\",\"contentUrl\":\"https:\/\/imtile.com\/wp-content\/uploads\/2025\/08\/cropped-z6871227294711_b67f846ad200e85f9c45efe3187db7f9-3-2.png\",\"width\":2061,\"height\":531,\"caption\":\"Imtile G\u1ea1ch Nh\u1eadp Kh\u1ea9u\"},\"image\":{\"@id\":\"https:\/\/imtile.com\/#\/schema\/logo\/image\/\"}}]}<\/script>\n<!-- \/ Yoast SEO plugin. -->","yoast_head_json":{"title":"G\u1ea1ch \u1ed1p t\u01b0\u1eddng gi\u1ea3 th\u1ebb 30x60cm men b\u00f3ng m\u00e3 NHC804 - Imtile G\u1ea1ch Nh\u1eadp Kh\u1ea9u","description":"h\u00e1m ph\u00e1 G\u1ea1ch \u1ed1p t\u01b0\u1eddng gi\u1ea3 th\u1ebb ceramic b\u00f3ng 30x60 cm. 8 vi\u00ean\/h\u1ed9p, 1,44 m\u00b2\/h\u1ed9p, tr\u1ecdng l\u01b0\u1ee3ng 25 kg\/h\u1ed9p. Ch\u1ea5t li\u1ec7u ceramic b\u1ec1n \u0111\u1eb9p cho kh\u00f4ng gian hi\u1ec7n \u0111\u1ea1i. Mua ngay!","robots":{"index":"index","follow":"follow","max-snippet":"max-snippet:-1","max-image-preview":"max-image-preview:large","max-video-preview":"max-video-preview:-1"},"canonical":"https:\/\/imtile.com\/index.php\/san-pham\/gach-op-tuong-gia-the-30x60cm-men-bong-ma-nhc816-sao-chep\/","og_locale":"vi_VN","og_type":"article","og_title":"G\u1ea1ch \u1ed1p t\u01b0\u1eddng gi\u1ea3 th\u1ebb 30x60cm men b\u00f3ng m\u00e3 NHC804 - Imtile G\u1ea1ch Nh\u1eadp Kh\u1ea9u","og_description":"h\u00e1m ph\u00e1 G\u1ea1ch \u1ed1p t\u01b0\u1eddng gi\u1ea3 th\u1ebb ceramic b\u00f3ng 30x60 cm. 8 vi\u00ean\/h\u1ed9p, 1,44 m\u00b2\/h\u1ed9p, tr\u1ecdng l\u01b0\u1ee3ng 25 kg\/h\u1ed9p. Ch\u1ea5t li\u1ec7u ceramic b\u1ec1n \u0111\u1eb9p cho kh\u00f4ng gian hi\u1ec7n \u0111\u1ea1i. Mua ngay!","og_url":"https:\/\/imtile.com\/index.php\/san-pham\/gach-op-tuong-gia-the-30x60cm-men-bong-ma-nhc816-sao-chep\/","og_site_name":"Imtile G\u1ea1ch Nh\u1eadp Kh\u1ea9u","article_modified_time":"2025-08-19T09:44:57+00:00","og_image":[{"width":1840,"height":934,"url":"https:\/\/imtile.com\/wp-content\/uploads\/2025\/08\/nhc804-1.jpg","type":"image\/jpeg"}],"twitter_card":"summary_large_image","twitter_misc":{"\u01af\u1edbc t\u00ednh th\u1eddi gian \u0111\u1ecdc":"4 ph\u00fat"},"schema":{"@context":"https:\/\/schema.org","@graph":[{"@type":"WebPage","@id":"https:\/\/imtile.com\/index.php\/san-pham\/gach-op-tuong-gia-the-30x60cm-men-bong-ma-nhc816-sao-chep\/","url":"https:\/\/imtile.com\/index.php\/san-pham\/gach-op-tuong-gia-the-30x60cm-men-bong-ma-nhc816-sao-chep\/","name":"G\u1ea1ch \u1ed1p t\u01b0\u1eddng gi\u1ea3 th\u1ebb 30x60cm men b\u00f3ng m\u00e3 NHC804 - Imtile G\u1ea1ch Nh\u1eadp Kh\u1ea9u","isPartOf":{"@id":"https:\/\/imtile.com\/#website"},"primaryImageOfPage":{"@id":"https:\/\/imtile.com\/index.php\/san-pham\/gach-op-tuong-gia-the-30x60cm-men-bong-ma-nhc816-sao-chep\/#primaryimage"},"image":{"@id":"https:\/\/imtile.com\/index.php\/san-pham\/gach-op-tuong-gia-the-30x60cm-men-bong-ma-nhc816-sao-chep\/#primaryimage"},"thumbnailUrl":"https:\/\/imtile.com\/wp-content\/uploads\/2025\/08\/nhc804-1.jpg","datePublished":"2025-08-19T09:41:36+00:00","dateModified":"2025-08-19T09:44:57+00:00","description":"h\u00e1m ph\u00e1 G\u1ea1ch \u1ed1p t\u01b0\u1eddng gi\u1ea3 th\u1ebb ceramic b\u00f3ng 30x60 cm. 8 vi\u00ean\/h\u1ed9p, 1,44 m\u00b2\/h\u1ed9p, tr\u1ecdng l\u01b0\u1ee3ng 25 kg\/h\u1ed9p. Ch\u1ea5t li\u1ec7u ceramic b\u1ec1n \u0111\u1eb9p cho kh\u00f4ng gian hi\u1ec7n \u0111\u1ea1i. Mua ngay!","breadcrumb":{"@id":"https:\/\/imtile.com\/index.php\/san-pham\/gach-op-tuong-gia-the-30x60cm-men-bong-ma-nhc816-sao-chep\/#breadcrumb"},"inLanguage":"vi","potentialAction":[{"@type":"ReadAction","target":["https:\/\/imtile.com\/index.php\/san-pham\/gach-op-tuong-gia-the-30x60cm-men-bong-ma-nhc816-sao-chep\/"]}]},{"@type":"ImageObject","inLanguage":"vi","@id":"https:\/\/imtile.com\/index.php\/san-pham\/gach-op-tuong-gia-the-30x60cm-men-bong-ma-nhc816-sao-chep\/#primaryimage","url":"https:\/\/imtile.com\/wp-content\/uploads\/2025\/08\/nhc804-1.jpg","contentUrl":"https:\/\/imtile.com\/wp-content\/uploads\/2025\/08\/nhc804-1.jpg","width":1840,"height":934,"caption":"G\u1ea1ch \u1ed1p t\u01b0\u1eddng gi\u1ea3 th\u1ebb 30x60cm b\u00f3ng NHC804"},{"@type":"BreadcrumbList","@id":"https:\/\/imtile.com\/index.php\/san-pham\/gach-op-tuong-gia-the-30x60cm-men-bong-ma-nhc816-sao-chep\/#breadcrumb","itemListElement":[{"@type":"ListItem","position":1,"name":"Trang ch\u1ee7","item":"https:\/\/imtile.com\/"},{"@type":"ListItem","position":2,"name":"C\u1eeda h\u00e0ng","item":"https:\/\/imtile.com\/index.php\/cua-hang\/"},{"@type":"ListItem","position":3,"name":"G\u1ea1ch \u1ed1p t\u01b0\u1eddng gi\u1ea3 th\u1ebb 30x60cm men b\u00f3ng m\u00e3 NHC804"}]},{"@type":"WebSite","@id":"https:\/\/imtile.com\/#website","url":"https:\/\/imtile.com\/","name":"Imtile G\u1ea1ch Nh\u1eadp Kh\u1ea9u","description":"D\u1eaaN \u0110\u1ea6U XU H\u01af\u1edaNG G\u1ea0CH","publisher":{"@id":"https:\/\/imtile.com\/#organization"},"potentialAction":[{"@type":"SearchAction","target":{"@type":"EntryPoint","urlTemplate":"https:\/\/imtile.com\/?s={search_term_string}"},"query-input":{"@type":"PropertyValueSpecification","valueRequired":true,"valueName":"search_term_string"}}],"inLanguage":"vi"},{"@type":"Organization","@id":"https:\/\/imtile.com\/#organization","name":"Imtile G\u1ea1ch Nh\u1eadp Kh\u1ea9u","url":"https:\/\/imtile.com\/","logo":{"@type":"ImageObject","inLanguage":"vi","@id":"https:\/\/imtile.com\/#\/schema\/logo\/image\/","url":"https:\/\/imtile.com\/wp-content\/uploads\/2025\/08\/cropped-z6871227294711_b67f846ad200e85f9c45efe3187db7f9-3-2.png","contentUrl":"https:\/\/imtile.com\/wp-content\/uploads\/2025\/08\/cropped-z6871227294711_b67f846ad200e85f9c45efe3187db7f9-3-2.png","width":2061,"height":531,"caption":"Imtile G\u1ea1ch Nh\u1eadp Kh\u1ea9u"},"image":{"@id":"https:\/\/imtile.com\/#\/schema\/logo\/image\/"}}]}},"jetpack_sharing_enabled":true,"_links":{"self":[{"href":"https:\/\/imtile.com\/index.php\/wp-json\/wp\/v2\/product\/1295","targetHints":{"allow":["GET"]}}],"collection":[{"href":"https:\/\/imtile.com\/index.php\/wp-json\/wp\/v2\/product"}],"about":[{"href":"https:\/\/imtile.com\/index.php\/wp-json\/wp\/v2\/types\/product"}],"replies":[{"embeddable":true,"href":"https:\/\/imtile.com\/index.php\/wp-json\/wp\/v2\/comments?post=1295"}],"wp:featuredmedia":[{"embeddable":true,"href":"https:\/\/imtile.com\/index.php\/wp-json\/wp\/v2\/media\/1296"}],"wp:attachment":[{"href":"https:\/\/imtile.com\/index.php\/wp-json\/wp\/v2\/media?parent=1295"}],"wp:term":[{"taxonomy":"product_brand","embeddable":true,"href":"https:\/\/imtile.com\/index.php\/wp-json\/wp\/v2\/product_brand?post=1295"},{"taxonomy":"product_cat","embeddable":true,"href":"https:\/\/imtile.com\/index.php\/wp-json\/wp\/v2\/product_cat?post=1295"},{"taxonomy":"product_tag","embeddable":true,"href":"https:\/\/imtile.com\/index.php\/wp-json\/wp\/v2\/product_tag?post=1295"}],"curies":[{"name":"wp","href":"https:\/\/api.w.org\/{rel}","templated":true}]}}